{"id":1157,"date":"2025-12-03T10:30:13","date_gmt":"2025-12-03T09:30:13","guid":{"rendered":"https:\/\/monfort.es\/?page_id=1157"},"modified":"2025-12-03T18:39:15","modified_gmt":"2025-12-03T17:39:15","slug":"formulario-sugerencias-y-denuncias-rsc","status":"publish","type":"page","link":"https:\/\/monfort.es\/?page_id=1157","title":{"rendered":"Formulario &#8211; Sugerencias y Denuncias RSC (RSC ES)"},"content":{"rendered":"<p>Transportes Monfort ha habilitado este formulario para recibir sugerencias o denuncias en el \u00e1mbito que considere necesario; todas ellas ser\u00e1n estudiadas y analizadas por parte de Direcci\u00f3n para dar una respuesta acorde.<\/p>\n<p>No es obligatorio introducir el Nombre y Correo electr\u00f3nico, s\u00f3lo debes hacerlo si quieres recibir una respuesta personalizada relativa a tu reclamaci\u00f3n, y s\u00f3lo ser\u00e1n usados tus datos para esa respuesta.<br \/>\n\n<div class=\"wpcf7 no-js\" id=\"wpcf7-f1156-o1\" lang=\"es-ES\" dir=\"ltr\" data-wpcf7-id=\"1156\">\n<div class=\"screen-reader-response\"><p role=\"status\" aria-live=\"polite\" aria-atomic=\"true\"><\/p> <ul><\/ul><\/div>\n<form action=\"\/index.php?rest_route=%2Fwp%2Fv2%2Fpages%2F1157#wpcf7-f1156-o1\" method=\"post\" class=\"wpcf7-form init\" aria-label=\"Formulario de contacto\" enctype=\"multipart\/form-data\" novalidate=\"novalidate\" data-status=\"init\">\n<fieldset class=\"hidden-fields-container\"><input type=\"hidden\" name=\"_wpcf7\" value=\"1156\" \/><input type=\"hidden\" name=\"_wpcf7_version\" value=\"6.1.5\" \/><input type=\"hidden\" name=\"_wpcf7_locale\" value=\"es_ES\" \/><input type=\"hidden\" name=\"_wpcf7_unit_tag\" value=\"wpcf7-f1156-o1\" \/><input type=\"hidden\" name=\"_wpcf7_container_post\" value=\"0\" \/><input type=\"hidden\" name=\"_wpcf7_posted_data_hash\" value=\"\" \/>\n<\/fieldset>\n<p><label> Tu nombre (opcional)<br \/>\n<span class=\"wpcf7-form-control-wrap\" data-name=\"your-name\"><input size=\"40\" maxlength=\"400\" class=\"wpcf7-form-control wpcf7-text\" aria-invalid=\"false\" value=\"\" type=\"text\" name=\"your-name\" \/><\/span> <\/label>\n<\/p>\n<p><label> Tu correo electr\u00f3nico (opcional)<br \/>\n<span class=\"wpcf7-form-control-wrap\" data-name=\"your-email\"><input size=\"40\" maxlength=\"400\" class=\"wpcf7-form-control wpcf7-email wpcf7-text wpcf7-validates-as-email\" aria-invalid=\"false\" value=\"\" type=\"email\" name=\"your-email\" \/><\/span> <\/label>\n<\/p>\n<p><label> \u00bfQu\u00e9 nos quieres comunicar? (obligatorio)<br \/>\n<span class=\"wpcf7-form-control-wrap\" data-name=\"your-subject\"><select class=\"wpcf7-form-control wpcf7-select wpcf7-validates-as-required\" aria-required=\"true\" aria-invalid=\"false\" name=\"your-subject\"><option value=\"Incumplimiento del C\u00f3digo \u00c9tico y de Conducta de la empresa\">Incumplimiento del C\u00f3digo \u00c9tico y de Conducta de la empresa<\/option><option value=\"Incumplimiento de la Pol\u00edtica de Regalos, Sobornos y Corrupci\u00f3n de la empresa\">Incumplimiento de la Pol\u00edtica de Regalos, Sobornos y Corrupci\u00f3n de la empresa<\/option><option value=\"Incumplimiento de la Pol\u00edtica Integrada de la empresa\">Incumplimiento de la Pol\u00edtica Integrada de la empresa<\/option><option value=\"Incumplimiento de la Pol\u00edtica de Responsabilidad Social Corporativa\">Incumplimiento de la Pol\u00edtica de Responsabilidad Social Corporativa<\/option><option value=\"Incumplimiento de la normativa de Prevenci\u00f3n del Blanqueo de Capitales y Financiaci\u00f3n del Terrorismo\">Incumplimiento de la normativa de Prevenci\u00f3n del Blanqueo de Capitales y Financiaci\u00f3n del Terrorismo<\/option><option value=\"Conductas que atenten contra la igualdad de g\u00e9nero y el principio de no discriminaci\u00f3n, o que puedan constituir acoso sexual\">Conductas que atenten contra la igualdad de g\u00e9nero y el principio de no discriminaci\u00f3n, o que puedan constituir acoso sexual<\/option><option value=\"Incumplimiento del deber de transparencia.\">Incumplimiento del deber de transparencia.<\/option><option value=\"Pr\u00e1cticas discriminatorias por raz\u00f3n de sexo, religi\u00f3n, raza, etc.\">Pr\u00e1cticas discriminatorias por raz\u00f3n de sexo, religi\u00f3n, raza, etc.<\/option><option value=\"Actuaciones relacionadas con el deber de vigilancia de seguridad y salud en el trabajo\">Actuaciones relacionadas con el deber de vigilancia de seguridad y salud en el trabajo<\/option><option value=\"Incumplimiento del compromiso con la protecci\u00f3n del medio ambiente\">Incumplimiento del compromiso con la protecci\u00f3n del medio ambiente<\/option><option value=\"Conducta que pueda suponer un riesgo para las instalaciones, bienes o la imagen de nuestra empresa\">Conducta que pueda suponer un riesgo para las instalaciones, bienes o la imagen de nuestra empresa<\/option><option value=\"Conducta deshonesta o corrupta en las relaciones comerciales con clientes o proveedores\">Conducta deshonesta o corrupta en las relaciones comerciales con clientes o proveedores<\/option><option value=\"Incumplimiento del deber de confidencialidad\">Incumplimiento del deber de confidencialidad<\/option><option value=\"Denunciar un acto malintencionado o conducta inapropiada por parte de un empleado\">Denunciar un acto malintencionado o conducta inapropiada por parte de un empleado<\/option><option value=\"Otras infracciones.\">Otras infracciones.<\/option><option value=\"Sugerencias\">Sugerencias<\/option><\/select><\/span> <\/label>\n<\/p>\n<p><label> Hechos denunciados (obligatorio)<br \/>\n<span class=\"wpcf7-form-control-wrap\" data-name=\"your-message\"><textarea cols=\"40\" rows=\"10\" maxlength=\"2000\" class=\"wpcf7-form-control wpcf7-textarea wpcf7-validates-as-required\" aria-required=\"true\" aria-invalid=\"false\" name=\"your-message\"><\/textarea><\/span> <\/label>\n<\/p>\n<p><label> Adjuntar archivos (opcional)<br \/>\n<span class=\"wpcf7-form-control-wrap\" data-name=\"archivos\"><input size=\"40\" class=\"wpcf7-form-control wpcf7-file\" accept=\".jpg,.jpeg,.png,.gif,.pdf,.doc,.docx,.odt\" aria-invalid=\"false\" type=\"file\" name=\"archivos\" \/><\/span> <\/label>\n<\/p>\n<p><label><span class=\"wpcf7-form-control-wrap\" data-name=\"privacidad\"><span class=\"wpcf7-form-control wpcf7-acceptance\"><span class=\"wpcf7-list-item\"><input type=\"checkbox\" name=\"privacidad\" value=\"1\" aria-invalid=\"false\" \/><\/span><\/span><\/span> He le\u00eddo y acepto la <a href=\"https:\/\/monfort.es\/?page_id=448\" target=\"_blank\">pol\u00edtica de privacidad.<\/a> <\/label>\n<\/p>\n<p><input class=\"wpcf7-form-control wpcf7-submit has-spinner\" type=\"submit\" value=\"ENVIAR\" \/>\n<\/p><p style=\"display: none !important;\" class=\"akismet-fields-container\" data-prefix=\"_wpcf7_ak_\"><label>&#916;<textarea name=\"_wpcf7_ak_hp_textarea\" cols=\"45\" rows=\"8\" maxlength=\"100\"><\/textarea><\/label><input type=\"hidden\" id=\"ak_js_1\" name=\"_wpcf7_ak_js\" value=\"53\"\/><script>document.getElementById( \"ak_js_1\" ).setAttribute( \"value\", ( new Date() ).getTime() );<\/script><\/p><div class=\"wpcf7-response-output\" aria-hidden=\"true\"><\/div>\n<\/form>\n<\/div>\n\n","protected":false},"excerpt":{"rendered":"<p>Transportes Monfort ha habilitado este formulario para recibir sugerencias o denuncias en el \u00e1mbito que considere necesario; todas ellas ser\u00e1n estudiadas y analizadas por parte de Direcci\u00f3n para dar una respuesta acorde. No es obligatorio introducir el Nombre y Correo electr\u00f3nico, s\u00f3lo debes hacerlo si quieres recibir una respuesta personalizada relativa a tu reclamaci\u00f3n, y [&hellip;]<\/p>\n","protected":false},"author":7,"featured_media":0,"parent":0,"menu_order":0,"comment_status":"closed","ping_status":"closed","template":"","meta":{"footnotes":""},"class_list":["post-1157","page","type-page","status-publish","hentry"],"_links":{"self":[{"href":"https:\/\/monfort.es\/index.php?rest_route=\/wp\/v2\/pages\/1157","targetHints":{"allow":["GET"]}}],"collection":[{"href":"https:\/\/monfort.es\/index.php?rest_route=\/wp\/v2\/pages"}],"about":[{"href":"https:\/\/monfort.es\/index.php?rest_route=\/wp\/v2\/types\/page"}],"author":[{"embeddable":true,"href":"https:\/\/monfort.es\/index.php?rest_route=\/wp\/v2\/users\/7"}],"replies":[{"embeddable":true,"href":"https:\/\/monfort.es\/index.php?rest_route=%2Fwp%2Fv2%2Fcomments&post=1157"}],"version-history":[{"count":3,"href":"https:\/\/monfort.es\/index.php?rest_route=\/wp\/v2\/pages\/1157\/revisions"}],"predecessor-version":[{"id":9349,"href":"https:\/\/monfort.es\/index.php?rest_route=\/wp\/v2\/pages\/1157\/revisions\/9349"}],"wp:attachment":[{"href":"https:\/\/monfort.es\/index.php?rest_route=%2Fwp%2Fv2%2Fmedia&parent=1157"}],"curies":[{"name":"wp","href":"https:\/\/api.w.org\/{rel}","templated":true}]}}