{"id":1475,"date":"2025-02-21T11:19:25","date_gmt":"2025-02-21T10:19:25","guid":{"rendered":"https:\/\/monfort.es\/?page_id=1475"},"modified":"2025-12-04T10:36:30","modified_gmt":"2025-12-04T09:36:30","slug":"transportes-monfort-renueva-su-patrocinio-a-marato-bp-castello-y-10k-facsa-castello-2","status":"publish","type":"page","link":"https:\/\/monfort.es\/?page_id=1475&lang=en","title":{"rendered":"Transportes Monfort renueva su patrocinio a Marat\u00f3 BP Castell\u00f3 y 10K FACSA Castell\u00f3 (Marat\u00f3 BP 4 EN)"},"content":{"rendered":"\n<figure class=\"wp-block-image\"><img loading=\"lazy\" decoding=\"async\" width=\"1024\" height=\"453\" src=\"https:\/\/monfort.es\/wp-content\/uploads\/2015\/05\/Monfort_FEB25_1024x453-1_2.jpg\" alt=\"\" class=\"wp-image-1476\" srcset=\"https:\/\/monfort.es\/wp-content\/uploads\/2015\/05\/Monfort_FEB25_1024x453-1_2.jpg 1024w, https:\/\/monfort.es\/wp-content\/uploads\/2015\/05\/Monfort_FEB25_1024x453-1_2-300x133.jpg 300w, https:\/\/monfort.es\/wp-content\/uploads\/2015\/05\/Monfort_FEB25_1024x453-1_2-768x340.jpg 768w\" sizes=\"auto, (max-width: 1024px) 100vw, 1024px\" \/><\/figure>\n\n\n<p><\/p>\n\n\n<h2 class=\"wp-block-heading\">Transportes Monfort renueva su patrocinio a Marat\u00f3 bp Castell\u00f3 y 10K FACSA Castell\u00f3<\/h2>\n\n\n\n<p>La compa\u00f1\u00eda reafirma su compromiso y apoyo a los participantes de la competici\u00f3n.<\/p>\n\n\n\n<p>Transportes Monfort, confirma un a\u00f1o m\u00e1s su compromiso con la XV edici\u00f3n de Marat\u00f3 bp Castell\u00f3 y la XII edici\u00f3n de 10K FACSA Castell\u00f3 que se posiciona en la \u00e9lite del atletismo internacional. Manuel Monfort Colom, administrador de Transportes Monfort y Juanma Medina, vicepresidente del Club d\u00b4Atletisme Running Castell\u00f3 han ratificado esta colaboraci\u00f3n.<\/p>\n\n\n\n<p>Transportes Monfort, con m\u00e1s de 90 a\u00f1os al servicio del transporte nacional e internacional por carretera, ha demostrado la responsabilidad con su territorio de influencia, impulsando eventos como Marat\u00f3 bp Castell\u00f3, con el que comparte valores de esfuerzo, superaci\u00f3n y una gran proyecci\u00f3n internacional. De hecho, Transportes Monfort atesora un extenso compromiso con el deporte a lo largo de los a\u00f1os.<\/p>\n\n\n\n<p>Marat\u00f3 bp Castell\u00f3, coorganizado por el Club d\u00b4Atletisme Running Castell\u00f3 y el Patronat d\u00b4Esports de Castell\u00f3 de l\u2019Ajuntament de Castell\u00f3 es, sin duda, un acontecimiento referente en el calendario deportivo nacional e internacional.<\/p>\n\n\n<div class=\"su-spacer\" style=\"height:30px\"><\/div>\n\n<p style=\"text-align: right\"><a href=\"https:\/\/monfort.es\" class=\"su-button su-button-style-default\" style=\"color:#FFFFFF;background-color:#000000;border-color:#000000;border-radius:5px\" target=\"_self\"><span style=\"color:#FFFFFF;padding:6px 16px;font-size:13px;line-height:20px;border-color:#4d4d4d;border-radius:5px;text-shadow:none\"><i class=\"sui sui-arrow-left\" style=\"font-size:13px;color:#FFFFFF\"><\/i> Volver<\/span><\/a>\n","protected":false},"excerpt":{"rendered":"<p>Transportes Monfort renueva su patrocinio a Marat\u00f3 bp Castell\u00f3 y 10K FACSA Castell\u00f3 La compa\u00f1\u00eda reafirma su compromiso y apoyo a los participantes de la competici\u00f3n. Transportes Monfort, confirma un a\u00f1o m\u00e1s su compromiso con la XV edici\u00f3n de Marat\u00f3 bp Castell\u00f3 y la XII edici\u00f3n de 10K FACSA Castell\u00f3 que se posiciona en la [&hellip;]<\/p>\n","protected":false},"author":7,"featured_media":0,"parent":0,"menu_order":0,"comment_status":"closed","ping_status":"closed","template":"","meta":{"footnotes":""},"class_list":["post-1475","page","type-page","status-publish","hentry"],"_links":{"self":[{"href":"https:\/\/monfort.es\/index.php?rest_route=\/wp\/v2\/pages\/1475","targetHints":{"allow":["GET"]}}],"collection":[{"href":"https:\/\/monfort.es\/index.php?rest_route=\/wp\/v2\/pages"}],"about":[{"href":"https:\/\/monfort.es\/index.php?rest_route=\/wp\/v2\/types\/page"}],"author":[{"embeddable":true,"href":"https:\/\/monfort.es\/index.php?rest_route=\/wp\/v2\/users\/7"}],"replies":[{"embeddable":true,"href":"https:\/\/monfort.es\/index.php?rest_route=%2Fwp%2Fv2%2Fcomments&post=1475"}],"version-history":[{"count":5,"href":"https:\/\/monfort.es\/index.php?rest_route=\/wp\/v2\/pages\/1475\/revisions"}],"predecessor-version":[{"id":9574,"href":"https:\/\/monfort.es\/index.php?rest_route=\/wp\/v2\/pages\/1475\/revisions\/9574"}],"wp:attachment":[{"href":"https:\/\/monfort.es\/index.php?rest_route=%2Fwp%2Fv2%2Fmedia&parent=1475"}],"curies":[{"name":"wp","href":"https:\/\/api.w.org\/{rel}","templated":true}]}}