{"id":170,"date":"2025-12-02T12:30:31","date_gmt":"2025-12-02T11:30:31","guid":{"rendered":"http:\/\/monfort.es\/?page_id=170"},"modified":"2025-12-04T11:21:45","modified_gmt":"2025-12-04T10:21:45","slug":"premio-empresa-del-ano-2014-2","status":"publish","type":"page","link":"https:\/\/monfort.es\/?page_id=170","title":{"rendered":"Premio Empresa del a\u00f1o 2014 (Premio ES)"},"content":{"rendered":"\n<figure class=\"wp-block-image\"><img loading=\"lazy\" decoding=\"async\" width=\"1024\" height=\"394\" src=\"https:\/\/monfort.es\/wp-content\/uploads\/2015\/05\/noticia-1-1024x394.jpg\" alt=\"\" class=\"wp-image-487\" srcset=\"https:\/\/monfort.es\/wp-content\/uploads\/2015\/05\/noticia-1-1024x394.jpg 1024w, https:\/\/monfort.es\/wp-content\/uploads\/2015\/05\/noticia-1-300x115.jpg 300w, https:\/\/monfort.es\/wp-content\/uploads\/2015\/05\/noticia-1-768x295.jpg 768w, https:\/\/monfort.es\/wp-content\/uploads\/2015\/05\/noticia-1.jpg 1040w\" sizes=\"auto, (max-width: 1024px) 100vw, 1024px\" \/><\/figure>\n\n\n<p><\/p>\n\n\n<h2 class=\"wp-block-heading\">Premio Empresa del a\u00f1o 2014<\/h2>\n\n\n<p>Transportes Monfort es la Empresa del A\u00f1o 2014 en la provincia de Castell\u00f3n. La veterana empresa con m\u00e1s de 80 a\u00f1os de antig\u00fcedad y con sede en Castell\u00f3n, se impuso con los votos del jurado de expertos sobre un conjunto de 14 firmas finalistas en los premios que, anualmente, concede el peri\u00f3dico Mediterr\u00e1neo, y que la noche del jueves 7 de mayo se entregaron en el Auditori i Palau de Congressos de Castell\u00f3.<\/p>\n\n<p>La gala, patrocinada por Telef\u00f3nica, reuni\u00f3 a 400 personalidades del mundo de la econom\u00eda, la empresa, la cultura y la pol\u00edtica de la Comunitat Valenciana. La cita estuvo presidida por Alberto Fabra, presidente de la Generalitat, quien hizo entrega del premio a Don Manuel Monfort Tena, presidente de Transportes Monfort.<\/p>\n\n<p>Seg\u00fan palabras del Sr. Monfort el premio<em> \u201csupone un est\u00edmulo m\u00e1s para continuar con nuestro trabajo, que no es m\u00e1s que el camino de la superaci\u00f3n y la mejora contin\u00faa\u201d<\/em>, al tiempo que comparti\u00f3 tan importante reconocimiento <em>\u201ccon todos los hombres y mujeres que han aportado su trabajo para garantizar el crecimiento y la evoluci\u00f3n de Transportes Monfort a lo largo de sus m\u00e1s de 80 a\u00f1os de historia\u201d<\/em>, sin olvidar a sus clientes, a quienes <em>\u201cagradeci\u00f3 la fidelidad de todos estos a\u00f1os\u201d<\/em>.<\/p>\n\n<a href=\"https:\/\/monfort.es\/wp-content\/uploads\/2015\/05\/GetThumbsByFilename-8-e1431419826408.jpg\"><img loading=\"lazy\" decoding=\"async\" class=\"  wp-image-111 alignleft\" src=\"https:\/\/monfort.es\/wp-content\/uploads\/2015\/05\/GetThumbsByFilename-8-e1431419826408.jpg\" alt=\"GetThumbsByFilename-8\" width=\"376\" height=\"434\" srcset=\"https:\/\/monfort.es\/wp-content\/uploads\/2015\/05\/GetThumbsByFilename-8-e1431419826408.jpg 984w, https:\/\/monfort.es\/wp-content\/uploads\/2015\/05\/GetThumbsByFilename-8-e1431419826408-260x300.jpg 260w, https:\/\/monfort.es\/wp-content\/uploads\/2015\/05\/GetThumbsByFilename-8-e1431419826408-887x1024.jpg 887w\" sizes=\"auto, (max-width: 376px) 100vw, 376px\" \/><\/a>\n\n<p>Manuel Monfort tambi\u00e9n asegur\u00f3 que Transportes Monfort, manteniendo su condici\u00f3n de empresa familiar, va a continuar apostando por la calidad y la innovaci\u00f3n <em>\u201cpara consolidarla como un fiel aliado en el proceso de expansi\u00f3n e internacionalizaci\u00f3n de los sectores econ\u00f3micos de la provincia de Castell\u00f3n\u201d<\/em>.<\/p>\n\n<p>Transportes Monfort, ubicada en Castell\u00f3n y Benicarl\u00f3, en pleno corredor del Mediterr\u00e1neo, es hoy una de las principales empresas espa\u00f1olas de transporte internacional de mercanc\u00edas por carretera. Con una trayectoria de casi un siglo, la cuarta generaci\u00f3n familiar, junto a m\u00e1s de 100 profesionales, trabaja para satisfacer las necesidades presentes y futuras del transporte en un entorno globalizado. Unas credenciales que le han hecho de Transportes Monfort la Empresa del A\u00f1o por el peri\u00f3dico Mediterr\u00e1neo.<\/p>\n\n<p>El encuentro, patrocinado por Telef\u00f3nica, cont\u00f3 con la presencia de m\u00e1s de 400 invitados, entre los que estuvo el presidente de la Generalitat valenciana, Alberto Fabra, varios consellers, alcaldes de la provincia, portavoces de las principales organizaciones empresariales y entidades bancarias, representantes de la cultura y la sociedad civil castellonense y, por supuesto, reputados empresarios e incipientes emprendedores, que fueron los grandes protagonistas de la noche.<\/p>\n\n\n<hr class=\"wp-block-separator\"\/>\n\n\n\n<p style=\"text-align:right\"><a href=\"https:\/\/monfort.es\" class=\"su-button su-button-style-default\" style=\"color:#FFFFFF;background-color:#000000;border-color:#000000;border-radius:5px\" target=\"_self\"><span style=\"color:#FFFFFF;padding:6px 16px;font-size:13px;line-height:20px;border-color:#4d4d4d;border-radius:5px;text-shadow:none\"><i class=\"sui sui-arrow-left\" style=\"font-size:13px;color:#FFFFFF\"><\/i> Volver<\/span><\/a>\n","protected":false},"excerpt":{"rendered":"<p>Premio Empresa del a\u00f1o 2014 Transportes Monfort es la Empresa del A\u00f1o 2014 en la provincia de Castell\u00f3n. La veterana empresa con m\u00e1s de 80 a\u00f1os de antig\u00fcedad y con sede en Castell\u00f3n, se impuso con los votos del jurado de expertos sobre un conjunto de 14 firmas finalistas en los premios que, anualmente, concede [&hellip;]<\/p>\n","protected":false},"author":7,"featured_media":0,"parent":0,"menu_order":0,"comment_status":"closed","ping_status":"closed","template":"","meta":{"footnotes":""},"class_list":["post-170","page","type-page","status-publish","hentry"],"_links":{"self":[{"href":"https:\/\/monfort.es\/index.php?rest_route=\/wp\/v2\/pages\/170","targetHints":{"allow":["GET"]}}],"collection":[{"href":"https:\/\/monfort.es\/index.php?rest_route=\/wp\/v2\/pages"}],"about":[{"href":"https:\/\/monfort.es\/index.php?rest_route=\/wp\/v2\/types\/page"}],"author":[{"embeddable":true,"href":"https:\/\/monfort.es\/index.php?rest_route=\/wp\/v2\/users\/7"}],"replies":[{"embeddable":true,"href":"https:\/\/monfort.es\/index.php?rest_route=%2Fwp%2Fv2%2Fcomments&post=170"}],"version-history":[{"count":11,"href":"https:\/\/monfort.es\/index.php?rest_route=\/wp\/v2\/pages\/170\/revisions"}],"predecessor-version":[{"id":9577,"href":"https:\/\/monfort.es\/index.php?rest_route=\/wp\/v2\/pages\/170\/revisions\/9577"}],"wp:attachment":[{"href":"https:\/\/monfort.es\/index.php?rest_route=%2Fwp%2Fv2%2Fmedia&parent=170"}],"curies":[{"name":"wp","href":"https:\/\/api.w.org\/{rel}","templated":true}]}}