{"id":314,"date":"2025-12-02T16:00:41","date_gmt":"2025-12-02T15:00:41","guid":{"rendered":"http:\/\/monfort.es\/?page_id=314"},"modified":"2025-12-03T11:17:21","modified_gmt":"2025-12-03T10:17:21","slug":"autorizaciones-apq-y-seveso","status":"publish","type":"page","link":"https:\/\/monfort.es\/?page_id=314","title":{"rendered":"Autorizaciones APQ y SEVESO (SEVESO ES)"},"content":{"rendered":"\n<figure class=\"wp-block-image\"><img loading=\"lazy\" decoding=\"async\" width=\"1024\" height=\"453\" src=\"https:\/\/monfort.es\/wp-content\/uploads\/2019\/04\/Almacen-Monfort-copia-e1462272243194-1040x460-1024x453.jpg\" alt=\"\" class=\"wp-image-664\" srcset=\"https:\/\/monfort.es\/wp-content\/uploads\/2019\/04\/Almacen-Monfort-copia-e1462272243194-1040x460-1024x453.jpg 1024w, https:\/\/monfort.es\/wp-content\/uploads\/2019\/04\/Almacen-Monfort-copia-e1462272243194-1040x460-300x133.jpg 300w, https:\/\/monfort.es\/wp-content\/uploads\/2019\/04\/Almacen-Monfort-copia-e1462272243194-1040x460-768x340.jpg 768w, https:\/\/monfort.es\/wp-content\/uploads\/2019\/04\/Almacen-Monfort-copia-e1462272243194-1040x460.jpg 1040w\" sizes=\"auto, (max-width: 1024px) 100vw, 1024px\" \/><\/figure>\n\n\n<p><\/p>\n\n\n<h2 class=\"wp-block-heading\">Autorizaciones APQ y SEVESO<\/h2>\n\n\n<p>TRANSPORTES MONFORT consigue las autorizaciones <strong>APQ<\/strong> y <strong>SEVESO<\/strong>, para su almac\u00e9n de la Avda. Enrique Gimeno de Castell\u00f3n.<\/p>\n<ul>\n<li>Autorizaci\u00f3n <strong>APQ<\/strong>, relativa al almacenamiento de productos qu\u00edmicos peligrosos de las siguientes tipolog\u00edas: Corrosivos, Nocivos, Irritantes y Peligrosos para el medio ambiente. Resumen de almacenamiento permitido:\n<ol style=\"margin: 30px\">\n<li style=\"margin: 30px 0\">CORROSIVOS: H290, H314, H318 y similares<\/li>\n<li style=\"margin: 30px 0\">IRRITANTES Y NOCIVOS: H302, H315, H319, H334, H373 y similares<\/li>\n<li style=\"margin: 30px 0\">PELIGROSOS PARA EL MEDIO AMBIENTE: H400, H410, H411<\/li>\n<\/ol>\n<\/li>\n<li>Autorizaci\u00f3n de almacenamiento en r\u00e9gimen <strong>SEVESO<\/strong>, para grandes cantidades de los productos anteriormente descritos.<\/li>\n<\/ul>\n<p>Unidas a estas autorizaciones, la empresa ha elaborado e implantado un Plan de Autoprotecci\u00f3n que mejora nuestros niveles de seguridad a nivel interno y nuestra capacidad de respuesta ante posibles emergencias. Nuestro objetivo es prestar los servicios de almacenamiento y trasbordo cumpliendo los m\u00e1s estrictos requerimientos de seguridad y respeto al medio ambiente.<\/p>\n\n<p>Transportes Monfort ofrece la soluci\u00f3n perfecta para empresas importadoras de mercanc\u00edas qu\u00edmicas o general, &nbsp;que desean contar con stock de materiales en un emplazamiento ventajoso, situado en la Avenida Enrique Gimeno, muy pr\u00f3ximo al cintur\u00f3n cer\u00e1mico y al puerto comercial de Castell\u00f3n.<\/p>\n\n\n<hr class=\"wp-block-separator\"\/>\n\n\n\n<p style=\"text-align: right;\"><a href=\"https:\/\/monfort.es\" class=\"su-button su-button-style-default\" style=\"color:#FFFFFF;background-color:#000000;border-color:#000000;border-radius:5px\" target=\"_self\"><span style=\"color:#FFFFFF;padding:6px 16px;font-size:13px;line-height:20px;border-color:#4d4d4d;border-radius:5px;text-shadow:none\"><i class=\"sui sui-arrow-left\" style=\"font-size:13px;color:#FFFFFF\"><\/i> Volver<\/span><\/a>\n","protected":false},"excerpt":{"rendered":"<p>Autorizaciones APQ y SEVESO TRANSPORTES MONFORT consigue las autorizaciones APQ y SEVESO, para su almac\u00e9n de la Avda. Enrique Gimeno de Castell\u00f3n. Autorizaci\u00f3n APQ, relativa al almacenamiento de productos qu\u00edmicos peligrosos de las siguientes tipolog\u00edas: Corrosivos, Nocivos, Irritantes y Peligrosos para el medio ambiente. Resumen de almacenamiento permitido: CORROSIVOS: H290, H314, H318 y similares IRRITANTES [&hellip;]<\/p>\n","protected":false},"author":7,"featured_media":0,"parent":0,"menu_order":0,"comment_status":"closed","ping_status":"closed","template":"","meta":{"footnotes":""},"class_list":["post-314","page","type-page","status-publish","hentry"],"_links":{"self":[{"href":"https:\/\/monfort.es\/index.php?rest_route=\/wp\/v2\/pages\/314","targetHints":{"allow":["GET"]}}],"collection":[{"href":"https:\/\/monfort.es\/index.php?rest_route=\/wp\/v2\/pages"}],"about":[{"href":"https:\/\/monfort.es\/index.php?rest_route=\/wp\/v2\/types\/page"}],"author":[{"embeddable":true,"href":"https:\/\/monfort.es\/index.php?rest_route=\/wp\/v2\/users\/7"}],"replies":[{"embeddable":true,"href":"https:\/\/monfort.es\/index.php?rest_route=%2Fwp%2Fv2%2Fcomments&post=314"}],"version-history":[{"count":39,"href":"https:\/\/monfort.es\/index.php?rest_route=\/wp\/v2\/pages\/314\/revisions"}],"predecessor-version":[{"id":9387,"href":"https:\/\/monfort.es\/index.php?rest_route=\/wp\/v2\/pages\/314\/revisions\/9387"}],"wp:attachment":[{"href":"https:\/\/monfort.es\/index.php?rest_route=%2Fwp%2Fv2%2Fmedia&parent=314"}],"curies":[{"name":"wp","href":"https:\/\/api.w.org\/{rel}","templated":true}]}}