{"id":37,"date":"2025-12-02T14:20:22","date_gmt":"2025-12-02T13:20:22","guid":{"rendered":"http:\/\/monfort.es\/?page_id=37"},"modified":"2025-12-03T11:44:57","modified_gmt":"2025-12-03T10:44:57","slug":"cambio-de-imagen-corporativa","status":"publish","type":"page","link":"https:\/\/monfort.es\/?page_id=37","title":{"rendered":"T. Monfort renueva su imagen corporativa (Renueva ES)"},"content":{"rendered":"\n<figure class=\"wp-block-image\"><img loading=\"lazy\" decoding=\"async\" width=\"1024\" height=\"453\" src=\"https:\/\/monfort.es\/wp-content\/uploads\/2019\/04\/Monfort-01_Cisterna-1040x460-1024x453.jpg\" alt=\"\" class=\"wp-image-726\" srcset=\"https:\/\/monfort.es\/wp-content\/uploads\/2019\/04\/Monfort-01_Cisterna-1040x460-1024x453.jpg 1024w, https:\/\/monfort.es\/wp-content\/uploads\/2019\/04\/Monfort-01_Cisterna-1040x460-300x133.jpg 300w, https:\/\/monfort.es\/wp-content\/uploads\/2019\/04\/Monfort-01_Cisterna-1040x460-768x340.jpg 768w, https:\/\/monfort.es\/wp-content\/uploads\/2019\/04\/Monfort-01_Cisterna-1040x460.jpg 1040w\" sizes=\"auto, (max-width: 1024px) 100vw, 1024px\" \/><\/figure>\n\n\n<p><\/p>\n\n\n<h2 class=\"wp-block-heading\">T. Monfort renueva su imagen corporativa<\/h2>\n\n\n<p>Transportes Monfort es una de las principales compa\u00f1\u00edas espa\u00f1olas de transporte y log\u00edstica, con rutas a m\u00e1s de 1500 destinos internacionales.<\/p>\n<p>Para alinear la imagen de la marca con los nuevos objetivos planteados por la compa\u00f1\u00eda de cara a los pr\u00f3ximos a\u00f1os, Monfort ha llevado a cabo una optimizaci\u00f3n de su logotipo y un redise\u00f1o de todo el universo visual que rodea a la marca. Este proyecto ha sido desarrollado por el estudio de dise\u00f1o <a href=\"http:\/\/www.alvarobautista.com.es\" target=\"_blank\" rel=\"noopener noreferrer\"><strong>AB&gt;dise\u00f1o<\/strong>&nbsp;<\/a> desde su oficina en Castell\u00f3n.<\/p>\n<p>No s\u00f3lo se trata de una optimizaci\u00f3n del logotipo, sino que se ha creado todo un nuevo sistema de elementos gr\u00e1ficos que ayudar\u00e1n a la marca a ganar relevancia y consistencia en los complejos entornos actuales de comunicaci\u00f3n.<\/p>\n<p>El principal cambio que introduce \u00e9sta nueva marca, es la s\u00edntesis de su s\u00edmbolo y la uni\u00f3n del mismo con el nuevo logotipo en su versi\u00f3n horizontal, generando as\u00ed un logo-s\u00edmbolo, m\u00e1s adaptable al medio y soportes corporativos de la compa\u00f1\u00eda<\/p>\n<p>El siguiente estudio y cambio relevante, ha sido la incorporaci\u00f3n de una paleta de colores para las diferentes divisiones de la compa\u00f1\u00eda: azul transporte, rojo log\u00edstica, etc\u2026. Se amplia as\u00ed el discurso de la marca y se a\u00f1ade atractivo y dinamismo visual.<\/p>\n<p>Los colores hist\u00f3ricos de la empresa, plata y azul, se han mantenido pr\u00e1cticamente inalterables, busc\u00e1ndose el m\u00e1ximo respeto a la esencia de la marca y sus or\u00edgenes.<\/p>\n<p>En definitiva se ha realizado un proyecto de consultor\u00eda y redise\u00f1o de marca, altamente elaborado, que ha sabido revitalizar una identidad emblem\u00e1tica sin perder sus conceptos m\u00e1s esenciales, consiguiendo as\u00ed proyectar a la compa\u00f1\u00eda a una nueva dimensi\u00f3n.<\/p>\n\n\n<hr class=\"wp-block-separator\"\/>\n\n\n\n<p style=\"text-align:right\"><a href=\"https:\/\/monfort.es\" class=\"su-button su-button-style-default\" style=\"color:#FFFFFF;background-color:#000000;border-color:#000000;border-radius:5px\" target=\"_self\"><span style=\"color:#FFFFFF;padding:6px 16px;font-size:13px;line-height:20px;border-color:#4d4d4d;border-radius:5px;text-shadow:none\"><i class=\"sui sui-arrow-left\" style=\"font-size:13px;color:#FFFFFF\"><\/i> Volver<\/span><\/a>\n","protected":false},"excerpt":{"rendered":"<p>T. Monfort renueva su imagen corporativa Transportes Monfort es una de las principales compa\u00f1\u00edas espa\u00f1olas de transporte y log\u00edstica, con rutas a m\u00e1s de 1500 destinos internacionales. Para alinear la imagen de la marca con los nuevos objetivos planteados por la compa\u00f1\u00eda de cara a los pr\u00f3ximos a\u00f1os, Monfort ha llevado a cabo una optimizaci\u00f3n [&hellip;]<\/p>\n","protected":false},"author":7,"featured_media":0,"parent":0,"menu_order":0,"comment_status":"closed","ping_status":"closed","template":"","meta":{"footnotes":""},"class_list":["post-37","page","type-page","status-publish","hentry"],"_links":{"self":[{"href":"https:\/\/monfort.es\/index.php?rest_route=\/wp\/v2\/pages\/37","targetHints":{"allow":["GET"]}}],"collection":[{"href":"https:\/\/monfort.es\/index.php?rest_route=\/wp\/v2\/pages"}],"about":[{"href":"https:\/\/monfort.es\/index.php?rest_route=\/wp\/v2\/types\/page"}],"author":[{"embeddable":true,"href":"https:\/\/monfort.es\/index.php?rest_route=\/wp\/v2\/users\/7"}],"replies":[{"embeddable":true,"href":"https:\/\/monfort.es\/index.php?rest_route=%2Fwp%2Fv2%2Fcomments&post=37"}],"version-history":[{"count":27,"href":"https:\/\/monfort.es\/index.php?rest_route=\/wp\/v2\/pages\/37\/revisions"}],"predecessor-version":[{"id":9407,"href":"https:\/\/monfort.es\/index.php?rest_route=\/wp\/v2\/pages\/37\/revisions\/9407"}],"wp:attachment":[{"href":"https:\/\/monfort.es\/index.php?rest_route=%2Fwp%2Fv2%2Fmedia&parent=37"}],"curies":[{"name":"wp","href":"https:\/\/api.w.org\/{rel}","templated":true}]}}