{"id":8842,"date":"2025-12-02T14:40:31","date_gmt":"2025-12-02T13:40:31","guid":{"rendered":"https:\/\/monfort.es\/?page_id=8842"},"modified":"2025-12-04T11:13:47","modified_gmt":"2025-12-04T10:13:47","slug":"monfort-firma-un-convenio-con-caritas-diocesana-de-segorbe-castellon-para-colaborar-en-su-proyecto-de-salud-mental-bienestar","status":"publish","type":"page","link":"https:\/\/monfort.es\/?page_id=8842","title":{"rendered":"Monfort firma un convenio con C\u00e1ritas Diocesana de Segorbe-Castell\u00f3n para colaborar en su proyecto de salud mental \u201cBienestar\u201d. (C\u00e1ritas ES)"},"content":{"rendered":"\n<figure class=\"wp-block-image\"><img loading=\"lazy\" decoding=\"async\" width=\"1024\" height=\"453\" src=\"\/wp-content\/uploads\/2015\/05\/Monfort_ABR25_1024x453-1_2.jpg\" alt=\"\" class=\"wp-image-8843\" srcset=\"https:\/\/monfort.es\/wp-content\/uploads\/2015\/05\/Monfort_ABR25_1024x453-1_2.jpg 1024w, https:\/\/monfort.es\/wp-content\/uploads\/2015\/05\/Monfort_ABR25_1024x453-1_2-300x133.jpg 300w, https:\/\/monfort.es\/wp-content\/uploads\/2015\/05\/Monfort_ABR25_1024x453-1_2-768x340.jpg 768w\" sizes=\"auto, (max-width: 1024px) 100vw, 1024px\" \/><\/figure>\n\n\n<p><\/p>\n\n\n<h2 class=\"wp-block-heading\">Monfort firma un convenio con C\u00e1ritas Diocesana de Segorbe-Castell\u00f3n para colaborar en su proyecto de salud mental \u201cBienestar\u201d.<\/h2>\n\n\n\n<p>Es bien sabido que la acci\u00f3n de C\u00e1ritas se sit\u00faa en los contextos de vulnerabilidad y exclusi\u00f3n social en los que las personas viven de manera prolongada el sufrimiento ocasionado por las estructuras y sistemas injustos, el aislamiento social, la violencia, paro, soledad, falta de hogar, dificultades econ\u00f3micas\u2026<\/p>\n\n\n\n<p>Desde un acompa\u00f1amiento integral, es fundamental la mirada desde los derechos y, en este \u00e1mbito concreto, el derecho a la salud biopsicosocial. Es por ello que C\u00e1ritas Diocesana ha puesto en marcha el Proyecto \u201cBienestar\u201d. La intervenci\u00f3n psicol\u00f3gica y social es un proceso orientado al cambio, en el cual las diferentes ayudas y atenciones adquieren sentido como medios para activar las potencialidades de la persona.<\/p>\n\n\n\n<p>En C\u00e1ritas ese cambio est\u00e1 enfocado a procurar la integraci\u00f3n plena de la persona en su entorno social y, consciente de ello, la empresa de Castell\u00f3n <b>Transportes Monfort<\/b>, ha decidido colaborar en el <b>Proyecto \u00abBienestar\u00bb<\/b> trabajando por la excelencia social y participando de un trabajo conjunto que les permitir\u00e1 implicarse, a trav\u00e9s de su Responsabilidad Social Corporativa, en un compromiso de cambio social.<\/p>\n\n\n\n<p>Monfort, ha demostrado en sus m\u00e1s de 90 a\u00f1os al servicio del transporte nacional e internacional por carretera, la responsabilidad con su territorio de influencia colaborando en diversas acciones y cat\u00e1strofes sociales, tal y como ya demostr\u00f3 frente a la DANA de Valencia, en el COVID\u201919, o en el terremoto de Amatrice, casos en los que ha transportado gratuitamente material recogido como ayuda para los afectados. Este proyecto se engloba dentro de las iniciativas de Responsabilidad Social Corporativa de la empresa, esponsorizando diversas iniciativas sociales y culturales\u00bb<\/p>\n\n\n\n<figure class=\"wp-block-image\"><img loading=\"lazy\" decoding=\"async\" width=\"843\" height=\"282\" src=\"\/wp-content\/uploads\/2015\/05\/Logo-Caritas-negro-rectangular.png\" alt=\"\" class=\"wp-image-8859\" style=\"height: 80px; width: auto\" srcset=\"https:\/\/monfort.es\/wp-content\/uploads\/2015\/05\/Logo-Caritas-negro-rectangular.png 843w, https:\/\/monfort.es\/wp-content\/uploads\/2015\/05\/Logo-Caritas-negro-rectangular-300x100.png 300w, https:\/\/monfort.es\/wp-content\/uploads\/2015\/05\/Logo-Caritas-negro-rectangular-768x257.png 768w\" sizes=\"auto, (max-width: 843px) 100vw, 843px\" \/><\/figure>\n\n\n<div class=\"su-spacer\" style=\"height:30px\"><\/div>\n\n<p style=\"text-align: right\"><a href=\"https:\/\/monfort.es\" class=\"su-button su-button-style-default\" style=\"color:#FFFFFF;background-color:#000000;border-color:#000000;border-radius:5px\" target=\"_self\"><span style=\"color:#FFFFFF;padding:6px 16px;font-size:13px;line-height:20px;border-color:#4d4d4d;border-radius:5px;text-shadow:none\"><i class=\"sui sui-arrow-left\" style=\"font-size:13px;color:#FFFFFF\"><\/i> Volver<\/span><\/a>\n","protected":false},"excerpt":{"rendered":"<p>Monfort firma un convenio con C\u00e1ritas Diocesana de Segorbe-Castell\u00f3n para colaborar en su proyecto de salud mental \u201cBienestar\u201d. Es bien sabido que la acci\u00f3n de C\u00e1ritas se sit\u00faa en los contextos de vulnerabilidad y exclusi\u00f3n social en los que las personas viven de manera prolongada el sufrimiento ocasionado por las estructuras y sistemas injustos, el [&hellip;]<\/p>\n","protected":false},"author":7,"featured_media":0,"parent":0,"menu_order":0,"comment_status":"closed","ping_status":"closed","template":"","meta":{"footnotes":""},"class_list":["post-8842","page","type-page","status-publish","hentry"],"_links":{"self":[{"href":"https:\/\/monfort.es\/index.php?rest_route=\/wp\/v2\/pages\/8842","targetHints":{"allow":["GET"]}}],"collection":[{"href":"https:\/\/monfort.es\/index.php?rest_route=\/wp\/v2\/pages"}],"about":[{"href":"https:\/\/monfort.es\/index.php?rest_route=\/wp\/v2\/types\/page"}],"author":[{"embeddable":true,"href":"https:\/\/monfort.es\/index.php?rest_route=\/wp\/v2\/users\/7"}],"replies":[{"embeddable":true,"href":"https:\/\/monfort.es\/index.php?rest_route=%2Fwp%2Fv2%2Fcomments&post=8842"}],"version-history":[{"count":15,"href":"https:\/\/monfort.es\/index.php?rest_route=\/wp\/v2\/pages\/8842\/revisions"}],"predecessor-version":[{"id":9576,"href":"https:\/\/monfort.es\/index.php?rest_route=\/wp\/v2\/pages\/8842\/revisions\/9576"}],"wp:attachment":[{"href":"https:\/\/monfort.es\/index.php?rest_route=%2Fwp%2Fv2%2Fmedia&parent=8842"}],"curies":[{"name":"wp","href":"https:\/\/api.w.org\/{rel}","templated":true}]}}