{"id":8887,"date":"2025-12-02T10:50:36","date_gmt":"2025-12-02T09:50:36","guid":{"rendered":"https:\/\/monfort.es\/?page_id=8887"},"modified":"2025-12-03T13:27:31","modified_gmt":"2025-12-03T12:27:31","slug":"monfort-colabora-un-ano-mas-con-el-festival-internacional-de-jazz-de-peniscola-2025","status":"publish","type":"page","link":"https:\/\/monfort.es\/?page_id=8887","title":{"rendered":"Monfort, colabora un a\u00f1o m\u00e1s con el Festival Internacional de Jazz de Pe\u00f1\u00edscola 2025 (Jazz 5 ES)"},"content":{"rendered":"\n<figure class=\"wp-block-image\"><img loading=\"lazy\" decoding=\"async\" width=\"1024\" height=\"453\" src=\"\/wp-content\/uploads\/2015\/05\/JAZZ-2025-1024x453_2.jpg\" alt=\"\" class=\"wp-image-8889\" srcset=\"https:\/\/monfort.es\/wp-content\/uploads\/2015\/05\/JAZZ-2025-1024x453_2.jpg 1024w, https:\/\/monfort.es\/wp-content\/uploads\/2015\/05\/JAZZ-2025-1024x453_2-300x133.jpg 300w, https:\/\/monfort.es\/wp-content\/uploads\/2015\/05\/JAZZ-2025-1024x453_2-768x340.jpg 768w\" sizes=\"auto, (max-width: 1024px) 100vw, 1024px\" \/><\/figure>\n\n\n<p><\/p>\n\n\n<h2 class=\"wp-block-heading\">Monfort, colabora un a\u00f1o m\u00e1s con el Festival Internacional de Jazz de Pe\u00f1\u00edscola 2025<\/h2>\n\n\n\n<p>Transportes Monfort y Transportes Belda vuelven a colaborar con el XXII Festival Internacional de Jazz de Pe\u00f1\u00edscola, que este a\u00f1o se celebra del 2 al 6 de Julio 205 en el Palau de Congressos y en la Plaza Santa Mar\u00eda de Pe\u00f1\u00edscola.<\/p>\n\n\n\n<p>Transportes Monfort, en sus m\u00e1s de 90 a\u00f1os al servicio del transporte nacional e internacional por carretera es un claro ejemplo de profesionalidad en el servicio, flexibilidad, innovaci\u00f3n y respeto al entorno. Y tambi\u00e9n de compromiso con el territorio propio, fomentando el posicionamiento de Castell\u00f3n en el mapa, con eventos de prestigio como el Festival Internacional de JAZZ Pe\u00f1\u00edscola, del cual es colaborador pr\u00e1cticamente desde sus inicios.<\/p>\n\n\n\n<p>La inauguraci\u00f3n ser\u00e1, el mi\u00e9rcoles 2 de julio, a las 22.30 horas, con la reconocida pianista y cantante Champian Fulton, &nbsp;una de las figuras m\u00e1s destacadas del jazz actual, swing y elegancia acompa\u00f1ada el contrabajista Alex Gilson, y el bater\u00eda Armando Luongo.<\/p>\n\n\n\n<p>A continuaci\u00f3n, el jueves 3 de julio, a las 19.30 horas, el Festival inicia los conciertos gratuitos al aire libre en la plaza Santa Mar\u00eda con la carism\u00e1tica cantante Gisele Jackson junto a The Shu Shu\u2019s Trio. Tambi\u00e9n el jueves 3 de julio, a las 22.30 horas, el escenario del Palau de Congressos de Pen\u00edscola acoger\u00e1 el concierto de Renato Chicco Organ Trio. Chicco es uno de los m\u00e1ximos exponentes europeos del \u00f3rgano Hammond. El artista estar\u00e1 acompa\u00f1ado por el guitarrista castellonense Fernando Marco y el baterista Pepi Taveira.<\/p>\n\n\n\n<p>El viernes 4 de julio, a las 22.30 horas, tendr\u00e1 lugar el concierto del saxofonista y flautista cubano Alexey Le\u00f3n, que presentar\u00e1 en el Palau de Pe\u00f1\u00edscola su \u2018Continental Quintet\u2019. Como invitado especial, subir\u00e1 al escenario Perico Sambeat, el saxofonista de jazz es considerado como uno de los mayores referentes en la escena espa\u00f1ola actual.<\/p>\n\n\n\n<p>La Plaza Santa Mar\u00eda de Pe\u00f1\u00edscola acoger\u00e1, el s\u00e1bado 5 de julio a las 19.30 horas, la actuaci\u00f3n de SAIO, una innovadora formaci\u00f3n de Barcelona que est\u00e1 revolucionando el panorama del jazz contempor\u00e1neo. A continuaci\u00f3n, a las 22.30 horas, el Palau de Congressos recibe a Mozes Rosenberg, Paulus Schaffer Trio &amp; Costel Nitescu, una velada \u00fanica de jazz manouche con la participaci\u00f3n de cuatro grandes figuras del g\u00e9nero.<\/p>\n\n\n\n<p>El Festival Internacional de Jazz de Pen\u00edscola se despedir\u00e1 el domingo 6 de julio con dos conciertos. Por un lado, el escenario de la plaza Santa Mar\u00eda recibir\u00e1 a las 19:30 horas, a Julio Montalvo &amp; The Cuban Collective con \u2018Amics de Sempre\u2019, un emotivo concierto junto a sus compa\u00f1eros de ruta, su banda de Latin Jazz. Marc Copland, St\u00e9phane Kerecki y Fabrice Moreau ser\u00e1n los encargados de cerrar la 22 edici\u00f3n del Festival en el Palau de Congressos el domingo 6 de julio, a las 22.30 horas. Al piano, el legendario Marc Copland, con m\u00e1s de 40 discos aclamados y grandes colaboraciones, que estar\u00e1 acompa\u00f1ado por el contrabajista St\u00e9phane Kerecki, y el baterista Fabrice Moreau, reconocido por su versatilidad y sensibilidad.<\/p>\n\n\n\n<p>M\u00e1s informaci\u00f3n en <a href=\"https:\/\/jazz.ivc.gva.es\/es\/\" target=\"_blank\" rel=\"noopener\">https:\/\/jazz.ivc.gva.es\/es\/<\/a><\/p>\n\n\n\n<hr class=\"wp-block-separator\"\/>\n\n\n<p style=\"text-align: right\"><a href=\"https:\/\/monfort.es\" class=\"su-button su-button-style-default\" style=\"color:#FFFFFF;background-color:#000000;border-color:#000000;border-radius:5px\" target=\"_self\"><span style=\"color:#FFFFFF;padding:6px 16px;font-size:13px;line-height:20px;border-color:#4d4d4d;border-radius:5px;text-shadow:none\"><i class=\"sui sui-arrow-left\" style=\"font-size:13px;color:#FFFFFF\"><\/i> Volver<\/span><\/a>\n","protected":false},"excerpt":{"rendered":"<p>Monfort, colabora un a\u00f1o m\u00e1s con el Festival Internacional de Jazz de Pe\u00f1\u00edscola 2025 Transportes Monfort y Transportes Belda vuelven a colaborar con el XXII Festival Internacional de Jazz de Pe\u00f1\u00edscola, que este a\u00f1o se celebra del 2 al 6 de Julio 205 en el Palau de Congressos y en la Plaza Santa Mar\u00eda de [&hellip;]<\/p>\n","protected":false},"author":7,"featured_media":0,"parent":0,"menu_order":0,"comment_status":"closed","ping_status":"closed","template":"","meta":{"footnotes":""},"class_list":["post-8887","page","type-page","status-publish","hentry"],"_links":{"self":[{"href":"https:\/\/monfort.es\/index.php?rest_route=\/wp\/v2\/pages\/8887","targetHints":{"allow":["GET"]}}],"collection":[{"href":"https:\/\/monfort.es\/index.php?rest_route=\/wp\/v2\/pages"}],"about":[{"href":"https:\/\/monfort.es\/index.php?rest_route=\/wp\/v2\/types\/page"}],"author":[{"embeddable":true,"href":"https:\/\/monfort.es\/index.php?rest_route=\/wp\/v2\/users\/7"}],"replies":[{"embeddable":true,"href":"https:\/\/monfort.es\/index.php?rest_route=%2Fwp%2Fv2%2Fcomments&post=8887"}],"version-history":[{"count":5,"href":"https:\/\/monfort.es\/index.php?rest_route=\/wp\/v2\/pages\/8887\/revisions"}],"predecessor-version":[{"id":9495,"href":"https:\/\/monfort.es\/index.php?rest_route=\/wp\/v2\/pages\/8887\/revisions\/9495"}],"wp:attachment":[{"href":"https:\/\/monfort.es\/index.php?rest_route=%2Fwp%2Fv2%2Fmedia&parent=8887"}],"curies":[{"name":"wp","href":"https:\/\/api.w.org\/{rel}","templated":true}]}}