{"id":901,"date":"2025-12-02T11:30:34","date_gmt":"2025-12-02T10:30:34","guid":{"rendered":"https:\/\/monfort.es\/?page_id=901"},"modified":"2025-12-03T13:01:19","modified_gmt":"2025-12-03T12:01:19","slug":"monfort-cuida-nuestro-planeta","status":"publish","type":"page","link":"https:\/\/monfort.es\/?page_id=901","title":{"rendered":"Monfort cuida nuestro planeta (Planeta ES)"},"content":{"rendered":"\n<figure class=\"wp-block-image\"><img loading=\"lazy\" decoding=\"async\" width=\"1024\" height=\"453\" src=\"https:\/\/monfort.es\/wp-content\/uploads\/2021\/01\/Fotovoltaica-Interior-40x460-1024x453_play-1024x453.jpg\" alt=\"\" class=\"wp-image-908\" srcset=\"https:\/\/monfort.es\/wp-content\/uploads\/2021\/01\/Fotovoltaica-Interior-40x460-1024x453_play.jpg 1024w, https:\/\/monfort.es\/wp-content\/uploads\/2021\/01\/Fotovoltaica-Interior-40x460-1024x453_play-300x133.jpg 300w, https:\/\/monfort.es\/wp-content\/uploads\/2021\/01\/Fotovoltaica-Interior-40x460-1024x453_play-768x340.jpg 768w\" sizes=\"auto, (max-width: 1024px) 100vw, 1024px\" \/><\/figure>\n\n\n<p><\/p>\n\n\n<h2 class=\"wp-block-heading\">Monfort cuida nuestro planeta<\/h2>\n\n\n\n<p>En Transportes Monfort, somos conscientes de la responsabilidad que tenemos con nuestro planeta, por lo que siempre tratamos de minimizar al m\u00e1ximo el posible impacto que nuestra actividad pueda generar en el medio ambiente, conforme a nuestro certificado ISO 14001.<\/p>\n\n\n\n<p>Fruto de ese esfuerzo es la reci\u00e9n terminada instalaci\u00f3n fotovoltaica situada en nuestra sede de la Ciudad del Transporte Castell\u00f3n. Iniciada en 2013, fue cuando realizamos una primera instalaci\u00f3n de 22 kWp, y con la ampliaci\u00f3n realizada ahora de 49 kWp adicionales, en la actualidad alcanzamos ya los 71 kWp instalados.<\/p>\n\n\n\n<p>De esta forma en Monfort, con la energ\u00eda solar fotovoltaica obtenemos una fuente de energ\u00eda independiente, sostenible, libre de emisiones contaminantes y respetuosa con el medio ambiente.<\/p>\n\n\n<hr\/>\n\n<p style=\"text-align: right\"><a href=\"https:\/\/monfort.es\" class=\"su-button su-button-style-default\" style=\"color:#FFFFFF;background-color:#000000;border-color:#000000;border-radius:5px\" target=\"_self\"><span style=\"color:#FFFFFF;padding:6px 16px;font-size:13px;line-height:20px;border-color:#4d4d4d;border-radius:5px;text-shadow:none\"><i class=\"sui sui-arrow-left\" style=\"font-size:13px;color:#FFFFFF\"><\/i> Volver<\/span><\/a>\n","protected":false},"excerpt":{"rendered":"<p>Monfort cuida nuestro planeta En Transportes Monfort, somos conscientes de la responsabilidad que tenemos con nuestro planeta, por lo que siempre tratamos de minimizar al m\u00e1ximo el posible impacto que nuestra actividad pueda generar en el medio ambiente, conforme a nuestro certificado ISO 14001. Fruto de ese esfuerzo es la reci\u00e9n terminada instalaci\u00f3n fotovoltaica situada [&hellip;]<\/p>\n","protected":false},"author":7,"featured_media":0,"parent":0,"menu_order":0,"comment_status":"closed","ping_status":"closed","template":"","meta":{"footnotes":""},"class_list":["post-901","page","type-page","status-publish","hentry"],"_links":{"self":[{"href":"https:\/\/monfort.es\/index.php?rest_route=\/wp\/v2\/pages\/901","targetHints":{"allow":["GET"]}}],"collection":[{"href":"https:\/\/monfort.es\/index.php?rest_route=\/wp\/v2\/pages"}],"about":[{"href":"https:\/\/monfort.es\/index.php?rest_route=\/wp\/v2\/types\/page"}],"author":[{"embeddable":true,"href":"https:\/\/monfort.es\/index.php?rest_route=\/wp\/v2\/users\/7"}],"replies":[{"embeddable":true,"href":"https:\/\/monfort.es\/index.php?rest_route=%2Fwp%2Fv2%2Fcomments&post=901"}],"version-history":[{"count":9,"href":"https:\/\/monfort.es\/index.php?rest_route=\/wp\/v2\/pages\/901\/revisions"}],"predecessor-version":[{"id":9476,"href":"https:\/\/monfort.es\/index.php?rest_route=\/wp\/v2\/pages\/901\/revisions\/9476"}],"wp:attachment":[{"href":"https:\/\/monfort.es\/index.php?rest_route=%2Fwp%2Fv2%2Fmedia&parent=901"}],"curies":[{"name":"wp","href":"https:\/\/api.w.org\/{rel}","templated":true}]}}