{"id":9047,"date":"2025-12-02T10:50:06","date_gmt":"2025-12-02T09:50:06","guid":{"rendered":"https:\/\/monfort.es\/?page_id=9047"},"modified":"2025-12-03T13:28:45","modified_gmt":"2025-12-03T12:28:45","slug":"monfort-collaborates-once-again-with-the-peniscola-international-jazz-festival-2025","status":"publish","type":"page","link":"https:\/\/monfort.es\/?page_id=9047&lang=en","title":{"rendered":"Monfort collaborates once again with the Pe\u00f1\u00edscola International Jazz Festival 2025 (Jazz 5 EN)"},"content":{"rendered":"\n<figure class=\"wp-block-image\"><img loading=\"lazy\" decoding=\"async\" width=\"1024\" height=\"453\" src=\"\/wp-content\/uploads\/2015\/05\/JAZZ-2025-1024x453_2.jpg\" alt=\"\" class=\"wp-image-8889\" srcset=\"https:\/\/monfort.es\/wp-content\/uploads\/2015\/05\/JAZZ-2025-1024x453_2.jpg 1024w, https:\/\/monfort.es\/wp-content\/uploads\/2015\/05\/JAZZ-2025-1024x453_2-300x133.jpg 300w, https:\/\/monfort.es\/wp-content\/uploads\/2015\/05\/JAZZ-2025-1024x453_2-768x340.jpg 768w\" sizes=\"auto, (max-width: 1024px) 100vw, 1024px\" \/><\/figure>\n\n\n<p><\/p>\n\n\n<h2 class=\"wp-block-heading\">Monfort collaborates once again with the Pe\u00f1\u00edscola International Jazz Festival 2025<\/h2>\n\n\n\n<p>Transportes Monfort and Transportes Belda are once again collaborating with the 22nd Pe\u00f1\u00edscola International Jazz Festival, which this year takes place from July 2 to 6 at the Palau de Congressos and Plaza Santa Mar\u00eda in Pe\u00f1\u00edscola.<\/p>\n\n\n\n<p>Transportes Monfort, in its more than 90 years of service in national and international road transport, is a clear example of professionalism, flexibility, innovation, and respect for the environment. It is also a clear example of commitment to its own territory, promoting Castell\u00f3n&#8217;s position on the map with prestigious events such as the Pe\u00f1\u00edscola International Jazz Festival, with which it has been a partner practically since its inception.<\/p>\n\n\n\n<p>The opening ceremony will take place on Wednesday, July 2, at 10:30 p.m., with renowned pianist and singer Champian Fulton, one of the most prominent figures in contemporary jazz, swing, and elegance, accompanied by double bassist Alex Gilson and drummer Armando Luongo.<\/p>\n\n\n\n<p>Then, on Thursday, July 3, at 7:30 p.m., the Festival kicks off with free open-air concerts in Plaza Santa Mar\u00eda with the charismatic singer Gisele Jackson and The Shu Shu&#8217;s Trio. Also on Thursday, July 3, at 10:30 p.m., the stage of the Palau de Congressos in Pen\u00edscola will host a concert by the Renato Chicco Organ Trio. Chicco is one of Europe&#8217;s foremost exponents of the Hammond organ. The artist will be accompanied by Castell\u00f3n-born guitarist Fernando Marco and drummer Pepi Taveira.<\/p>\n\n\n\n<p>On Friday, July 4th, at 10:30 pm, Cuban saxophonist and flautist Alexey Le\u00f3n will perform at the Palau de Pe\u00f1\u00edscola. His Continental Quintet will be presented by a special guest, Perico Sambeat, the jazz saxophonist considered one of the leading figures on the current Spanish scene.<\/p>\n\n\n\n<p>On Saturday, July 5th, at 7:30 pm, Pe\u00f1\u00edscola&#8217;s Plaza Santa Mar\u00eda will host a performance by SAIO, an innovative Barcelona-based group that is revolutionizing the contemporary jazz scene. Then, at 10:30 pm, the Palau de Congressos will welcome Mozes Rosenberg, Paulus Schaffer Trio &amp; Costel Nitescu, a unique evening of manouche jazz featuring four leading figures of the genre.<\/p>\n\n\n\n<p>The Pe\u00f1\u00edscola International Jazz Festival will conclude on Sunday, July 6th, with two concerts. On the one hand, the Plaza Santa Mar\u00eda stage will welcome Julio Montalvo &amp; The Cuban Collective with \u00abAmics de Sempre\u00bb at 7:30 p.m., a moving concert alongside their fellow bandmates, their Latin Jazz band. Marc Copland, St\u00e9phane Kerecki, and Fabrice Moreau will close the 22nd edition of the Festival at the Palau de Congressos on Sunday, July 6, at 10:30 p.m. On piano, the legendary Marc Copland, with over 40 acclaimed albums and major collaborations, will be accompanied by double bassist St\u00e9phane Kerecki and drummer Fabrice Moreau, renowned for his versatility and sensitivity.<\/p>\n\n\n\n<p>More information at <a href=\"https:\/\/jazz.ivc.gva.es\/es\/\" target=\"_blank\" rel=\"noopener\">https:\/\/jazz.ivc.gva.es\/es\/<\/a><\/p>\n\n\n\n<hr class=\"wp-block-separator\"\/>\n\n\n<p style=\"text-align: right\"><a href=\"https:\/\/monfort.es\" class=\"su-button su-button-style-default\" style=\"color:#FFFFFF;background-color:#000000;border-color:#000000;border-radius:5px\" target=\"_self\"><span style=\"color:#FFFFFF;padding:6px 16px;font-size:13px;line-height:20px;border-color:#4d4d4d;border-radius:5px;text-shadow:none\"><i class=\"sui sui-arrow-left\" style=\"font-size:13px;color:#FFFFFF\"><\/i> Back<\/span><\/a>\n","protected":false},"excerpt":{"rendered":"<p>Monfort collaborates once again with the Pe\u00f1\u00edscola International Jazz Festival 2025 Transportes Monfort and Transportes Belda are once again collaborating with the 22nd Pe\u00f1\u00edscola International Jazz Festival, which this year takes place from July 2 to 6 at the Palau de Congressos and Plaza Santa Mar\u00eda in Pe\u00f1\u00edscola. Transportes Monfort, in its more than 90 [&hellip;]<\/p>\n","protected":false},"author":7,"featured_media":0,"parent":0,"menu_order":0,"comment_status":"closed","ping_status":"closed","template":"","meta":{"footnotes":""},"class_list":["post-9047","page","type-page","status-publish","hentry"],"_links":{"self":[{"href":"https:\/\/monfort.es\/index.php?rest_route=\/wp\/v2\/pages\/9047","targetHints":{"allow":["GET"]}}],"collection":[{"href":"https:\/\/monfort.es\/index.php?rest_route=\/wp\/v2\/pages"}],"about":[{"href":"https:\/\/monfort.es\/index.php?rest_route=\/wp\/v2\/types\/page"}],"author":[{"embeddable":true,"href":"https:\/\/monfort.es\/index.php?rest_route=\/wp\/v2\/users\/7"}],"replies":[{"embeddable":true,"href":"https:\/\/monfort.es\/index.php?rest_route=%2Fwp%2Fv2%2Fcomments&post=9047"}],"version-history":[{"count":3,"href":"https:\/\/monfort.es\/index.php?rest_route=\/wp\/v2\/pages\/9047\/revisions"}],"predecessor-version":[{"id":9498,"href":"https:\/\/monfort.es\/index.php?rest_route=\/wp\/v2\/pages\/9047\/revisions\/9498"}],"wp:attachment":[{"href":"https:\/\/monfort.es\/index.php?rest_route=%2Fwp%2Fv2%2Fmedia&parent=9047"}],"curies":[{"name":"wp","href":"https:\/\/api.w.org\/{rel}","templated":true}]}}