{"id":9048,"date":"2025-12-02T10:50:06","date_gmt":"2025-12-02T09:50:06","guid":{"rendered":"https:\/\/monfort.es\/?page_id=9048"},"modified":"2025-12-03T13:27:33","modified_gmt":"2025-12-03T12:27:33","slug":"monfort-collabora-nuovamente-con-il-festival-internazionale-del-jazz-di-peniscola-2025","status":"publish","type":"page","link":"https:\/\/monfort.es\/?page_id=9048&lang=it","title":{"rendered":"Monfort collabora nuovamente con il Festival Internazionale del Jazz di Pe\u00f1\u00edscola 2025 (Jazz 5 IT)"},"content":{"rendered":"\n<figure class=\"wp-block-image\"><img loading=\"lazy\" decoding=\"async\" width=\"1024\" height=\"453\" src=\"\/wp-content\/uploads\/2015\/05\/JAZZ-2025-1024x453_2.jpg\" alt=\"\" class=\"wp-image-8889\" srcset=\"https:\/\/monfort.es\/wp-content\/uploads\/2015\/05\/JAZZ-2025-1024x453_2.jpg 1024w, https:\/\/monfort.es\/wp-content\/uploads\/2015\/05\/JAZZ-2025-1024x453_2-300x133.jpg 300w, https:\/\/monfort.es\/wp-content\/uploads\/2015\/05\/JAZZ-2025-1024x453_2-768x340.jpg 768w\" sizes=\"auto, (max-width: 1024px) 100vw, 1024px\" \/><\/figure>\n\n\n<p><\/p>\n\n\n<h2 class=\"wp-block-heading\">Monfort collabora nuovamente con il Festival Internazionale del Jazz di Pe\u00f1\u00edscola 2025<\/h2>\n\n\n\n<p>Transportes Monfort e Transportes Belda collaborano nuovamente con il 22\u00b0 Festival Internazionale del Jazz di Pe\u00f1\u00edscola, che quest&#8217;anno si terr\u00e0 dal 2 al 6 luglio presso il Palau de Congressos e Plaza Santa Mar\u00eda di Pe\u00f1\u00edscola.<\/p>\n\n\n\n<p>Transportes Monfort, con oltre 90 anni di esperienza nel trasporto su strada nazionale e internazionale, \u00e8 un chiaro esempio di professionalit\u00e0, flessibilit\u00e0, innovazione e rispetto per l&#8217;ambiente. \u00c8 anche un chiaro esempio di impegno per il proprio territorio, promuovendo la posizione di Castell\u00f3n sulla mappa con eventi prestigiosi come il Festival Internazionale del Jazz di Pe\u00f1\u00edscola, di cui \u00e8 partner praticamente fin dalla sua nascita.<\/p>\n\n\n\n<p>La cerimonia di apertura si terr\u00e0 mercoled\u00ec 2 luglio alle 22:30 con il rinomato pianista e cantante Champian Fulton, una delle figure pi\u00f9 importanti del jazz contemporaneo, dello swing e dell&#8217;eleganza, accompagnato dal contrabbassista Alex Gilson e dal batterista Armando Luongo.<\/p>\n\n\n\n<p>Poi, gioved\u00ec 3 luglio alle 19:30, il Festival inizier\u00e0 con concerti gratuiti all&#8217;aperto in Plaza Santa Mar\u00eda con la carismatica cantante Gisele Jackson e il Shu Shu&#8217;s Trio. Sempre gioved\u00ec 3 luglio alle 22:30, il palco del Palau de Congressos di Pen\u00edscola ospiter\u00e0 un concerto del Renato Chicco Organ Trio. Chicco \u00e8 uno dei massimi esponenti europei dell&#8217;organo Hammond. L&#8217;artista sar\u00e0 accompagnato dal chitarrista di Castell\u00f3n Fernando Marco e dal batterista Pepi Taveira.<\/p>\n\n\n\n<p>Venerd\u00ec 4 luglio, alle 22:30, il sassofonista e flautista cubano Alexey Le\u00f3n si esibir\u00e0 al Palau de Pe\u00f1\u00edscola. Il suo Continental Quintet sar\u00e0 presentato da un ospite speciale, Perico Sambeat, sassofonista jazz considerato una delle figure di spicco dell&#8217;attuale scena spagnola.<\/p>\n\n\n\n<p>Sabato 5 luglio, alle 19:30, la Plaza Santa Mar\u00eda di Pe\u00f1\u00edscola ospiter\u00e0 l&#8217;esibizione dei SAIO, un innovativo gruppo con sede a Barcellona che sta rivoluzionando la scena jazz contemporanea. Successivamente, alle 22:30, il Palau de Congressos accoglier\u00e0 Mozes Rosenberg, Paulus Schaffer Trio e Costel Nitescu, una serata unica di jazz manouche con quattro figure di spicco del genere.<\/p>\n\n\n\n<p>Il Pe\u00f1\u00edscola International Jazz Festival si concluder\u00e0 domenica 6 luglio con due concerti. Da un lato, il palco di Plaza Santa Mar\u00eda accoglier\u00e0 Julio Montalvo &amp; The Cuban Collective con \u00abAmics de Sempre\u00bb alle 19:30, un emozionante concerto insieme ai loro compagni di band, la loro band di Latin Jazz. Marc Copland, St\u00e9phane Kerecki e Fabrice Moreau chiuderanno la 22a edizione del Festival al Palau de Congressos domenica 6 luglio alle 22:30. Al pianoforte, il leggendario Marc Copland, con oltre 40 album acclamati e importanti collaborazioni, sar\u00e0 accompagnato dal contrabbassista St\u00e9phane Kerecki e dal batterista Fabrice Moreau, rinomato per la sua versatilit\u00e0 e sensibilit\u00e0.<\/p>\n\n\n\n<p>Maggiori informazioni su <a href=\"https:\/\/jazz.ivc.gva.es\/es\/\" target=\"_blank\" rel=\"noopener\">https:\/\/jazz.ivc.gva.es\/es\/<\/a><\/p>\n\n\n\n<hr class=\"wp-block-separator\"\/>\n\n\n<p style=\"text-align: right\"><a href=\"https:\/\/monfort.es\" class=\"su-button su-button-style-default\" style=\"color:#FFFFFF;background-color:#000000;border-color:#000000;border-radius:5px\" target=\"_self\"><span style=\"color:#FFFFFF;padding:6px 16px;font-size:13px;line-height:20px;border-color:#4d4d4d;border-radius:5px;text-shadow:none\"><i class=\"sui sui-arrow-left\" style=\"font-size:13px;color:#FFFFFF\"><\/i> Ritorno<\/span><\/a>\n","protected":false},"excerpt":{"rendered":"<p>Monfort collabora nuovamente con il Festival Internazionale del Jazz di Pe\u00f1\u00edscola 2025 Transportes Monfort e Transportes Belda collaborano nuovamente con il 22\u00b0 Festival Internazionale del Jazz di Pe\u00f1\u00edscola, che quest&#8217;anno si terr\u00e0 dal 2 al 6 luglio presso il Palau de Congressos e Plaza Santa Mar\u00eda di Pe\u00f1\u00edscola. Transportes Monfort, con oltre 90 anni di [&hellip;]<\/p>\n","protected":false},"author":7,"featured_media":0,"parent":0,"menu_order":0,"comment_status":"closed","ping_status":"closed","template":"","meta":{"footnotes":""},"class_list":["post-9048","page","type-page","status-publish","hentry"],"_links":{"self":[{"href":"https:\/\/monfort.es\/index.php?rest_route=\/wp\/v2\/pages\/9048","targetHints":{"allow":["GET"]}}],"collection":[{"href":"https:\/\/monfort.es\/index.php?rest_route=\/wp\/v2\/pages"}],"about":[{"href":"https:\/\/monfort.es\/index.php?rest_route=\/wp\/v2\/types\/page"}],"author":[{"embeddable":true,"href":"https:\/\/monfort.es\/index.php?rest_route=\/wp\/v2\/users\/7"}],"replies":[{"embeddable":true,"href":"https:\/\/monfort.es\/index.php?rest_route=%2Fwp%2Fv2%2Fcomments&post=9048"}],"version-history":[{"count":2,"href":"https:\/\/monfort.es\/index.php?rest_route=\/wp\/v2\/pages\/9048\/revisions"}],"predecessor-version":[{"id":9496,"href":"https:\/\/monfort.es\/index.php?rest_route=\/wp\/v2\/pages\/9048\/revisions\/9496"}],"wp:attachment":[{"href":"https:\/\/monfort.es\/index.php?rest_route=%2Fwp%2Fv2%2Fmedia&parent=9048"}],"curies":[{"name":"wp","href":"https:\/\/api.w.org\/{rel}","templated":true}]}}