{"id":9050,"date":"2025-12-02T10:40:06","date_gmt":"2025-12-02T09:40:06","guid":{"rendered":"https:\/\/monfort.es\/?page_id=9050"},"modified":"2025-12-03T13:36:01","modified_gmt":"2025-12-03T12:36:01","slug":"ayudas-ministerio-de-transportes-y-movilidad-sostenible-en","status":"publish","type":"page","link":"https:\/\/monfort.es\/?page_id=9050&lang=en","title":{"rendered":"Ayudas Ministerio de Transportes y Movilidad Sostenible (Ayudas EN)"},"content":{"rendered":"\n<figure class=\"wp-block-image\"><img loading=\"lazy\" decoding=\"async\" width=\"1024\" height=\"453\" src=\"\/wp-content\/uploads\/2015\/05\/Monfort-abr25-1024x453-2_2.jpg\" alt=\"\" class=\"wp-image-8852\" srcset=\"https:\/\/monfort.es\/wp-content\/uploads\/2015\/05\/Monfort-abr25-1024x453-2_2.jpg 1024w, https:\/\/monfort.es\/wp-content\/uploads\/2015\/05\/Monfort-abr25-1024x453-2_2-300x133.jpg 300w, https:\/\/monfort.es\/wp-content\/uploads\/2015\/05\/Monfort-abr25-1024x453-2_2-768x340.jpg 768w\" sizes=\"auto, (max-width: 1024px) 100vw, 1024px\" \/><\/figure>\n\n\n<p><\/p>\n\n\n<h2 class=\"wp-block-heading\">Ayudas Ministerio de Transportes y Movilidad Sostenible<\/h2>\n\n\n\n<p>Recibida ayudas de la segunda convocatoria del programa de eco-incentivo para el impulso del transporte mar\u00edtimo de mercanc\u00edas basado en el m\u00e9rito ambiental y socioecon\u00f3mico, en el marco del Plan de recuperaci\u00f3n, transformaci\u00f3n y resiliencia \u2013financiado por la Uni\u00f3n Europea\u2013 Next Generation EU.<\/p>\n\n\n\n<p>Periodo de elegibilidad 2023-2024. Ref. Solicitud ECOMB2\/24\/00004 e importe concedido 258.553,10 \u20ac (Ministerio de Transportes y Movilidad Sostenible).<\/p>\n\n\n\n<figure class=\"wp-block-image\"><img loading=\"lazy\" decoding=\"async\" width=\"1600\" height=\"130\" src=\"https:\/\/monfort.es\/wp-content\/uploads\/2015\/05\/logos-mitma-prtr-nextgeneration3_3.png\" alt=\"\" class=\"wp-image-1350\" srcset=\"https:\/\/monfort.es\/wp-content\/uploads\/2015\/05\/logos-mitma-prtr-nextgeneration3_3.png 1600w, https:\/\/monfort.es\/wp-content\/uploads\/2015\/05\/logos-mitma-prtr-nextgeneration3_3-300x24.png 300w, https:\/\/monfort.es\/wp-content\/uploads\/2015\/05\/logos-mitma-prtr-nextgeneration3_3-1024x83.png 1024w, https:\/\/monfort.es\/wp-content\/uploads\/2015\/05\/logos-mitma-prtr-nextgeneration3_3-768x62.png 768w, https:\/\/monfort.es\/wp-content\/uploads\/2015\/05\/logos-mitma-prtr-nextgeneration3_3-1536x125.png 1536w\" sizes=\"auto, (max-width: 1600px) 100vw, 1600px\" \/><\/figure>\n\n\n<div class=\"su-spacer\" style=\"height:30px\"><\/div>\n\n<p style=\"text-align: right\"><a href=\"https:\/\/monfort.es\" class=\"su-button su-button-style-default\" style=\"color:#FFFFFF;background-color:#000000;border-color:#000000;border-radius:5px\" target=\"_self\"><span style=\"color:#FFFFFF;padding:6px 16px;font-size:13px;line-height:20px;border-color:#4d4d4d;border-radius:5px;text-shadow:none\"><i class=\"sui sui-arrow-left\" style=\"font-size:13px;color:#FFFFFF\"><\/i> Back<\/span><\/a>\n","protected":false},"excerpt":{"rendered":"<p>Ayudas Ministerio de Transportes y Movilidad Sostenible Recibida ayudas de la segunda convocatoria del programa de eco-incentivo para el impulso del transporte mar\u00edtimo de mercanc\u00edas basado en el m\u00e9rito ambiental y socioecon\u00f3mico, en el marco del Plan de recuperaci\u00f3n, transformaci\u00f3n y resiliencia \u2013financiado por la Uni\u00f3n Europea\u2013 Next Generation EU. Periodo de elegibilidad 2023-2024. Ref. [&hellip;]<\/p>\n","protected":false},"author":7,"featured_media":0,"parent":0,"menu_order":0,"comment_status":"closed","ping_status":"closed","template":"","meta":{"footnotes":""},"class_list":["post-9050","page","type-page","status-publish","hentry"],"_links":{"self":[{"href":"https:\/\/monfort.es\/index.php?rest_route=\/wp\/v2\/pages\/9050","targetHints":{"allow":["GET"]}}],"collection":[{"href":"https:\/\/monfort.es\/index.php?rest_route=\/wp\/v2\/pages"}],"about":[{"href":"https:\/\/monfort.es\/index.php?rest_route=\/wp\/v2\/types\/page"}],"author":[{"embeddable":true,"href":"https:\/\/monfort.es\/index.php?rest_route=\/wp\/v2\/users\/7"}],"replies":[{"embeddable":true,"href":"https:\/\/monfort.es\/index.php?rest_route=%2Fwp%2Fv2%2Fcomments&post=9050"}],"version-history":[{"count":3,"href":"https:\/\/monfort.es\/index.php?rest_route=\/wp\/v2\/pages\/9050\/revisions"}],"predecessor-version":[{"id":9505,"href":"https:\/\/monfort.es\/index.php?rest_route=\/wp\/v2\/pages\/9050\/revisions\/9505"}],"wp:attachment":[{"href":"https:\/\/monfort.es\/index.php?rest_route=%2Fwp%2Fv2%2Fmedia&parent=9050"}],"curies":[{"name":"wp","href":"https:\/\/api.w.org\/{rel}","templated":true}]}}