{"id":9057,"date":"2025-12-02T14:30:06","date_gmt":"2025-12-02T13:30:06","guid":{"rendered":"https:\/\/monfort.es\/?page_id=9057"},"modified":"2025-12-03T11:42:41","modified_gmt":"2025-12-03T10:42:41","slug":"la-collaborazione-di-monfort-contro-le-inondazioni-di-valencia","status":"publish","type":"page","link":"https:\/\/monfort.es\/?page_id=9057&lang=it","title":{"rendered":"La collaborazione di Monfort contro le inondazioni di Valencia (Dana IT)"},"content":{"rendered":"\n<figure class=\"wp-block-image\"><img loading=\"lazy\" decoding=\"async\" width=\"1024\" height=\"453\" src=\"https:\/\/monfort.es\/wp-content\/uploads\/2015\/05\/Monfort-NOV24_1024x453-1_2.jpg\" alt=\"\" class=\"wp-image-1453\" srcset=\"https:\/\/monfort.es\/wp-content\/uploads\/2015\/05\/Monfort-NOV24_1024x453-1_2.jpg 1024w, https:\/\/monfort.es\/wp-content\/uploads\/2015\/05\/Monfort-NOV24_1024x453-1_2-300x133.jpg 300w, https:\/\/monfort.es\/wp-content\/uploads\/2015\/05\/Monfort-NOV24_1024x453-1_2-768x340.jpg 768w\" sizes=\"auto, (max-width: 1024px) 100vw, 1024px\" \/><\/figure>\n\n\n<p><\/p>\n\n\n<h2 class=\"wp-block-heading\">La collaborazione di Monfort contro le inondazioni di Valencia<\/h2>\n\n\n\n<p>L&#8217;azienda di Castell\u00f3n <b>Transportes Monfort<\/b>, in coordinamento con il Comune di Castell\u00f3n, <b>ha collaborato con 10 veicoli della sua flotta di camion<\/b> nel trasporto degli aiuti ricevuti per le persone colpite dalla devastante <b>Dana de Valencia<\/b>. L&#8217;azienda \u00e8 in costante contatto con il Comune per organizzare il trasferimento del materiale in modo che raggiunga le persone colpite il pi\u00f9 rapidamente possibile. Allo stesso modo, dalla sua sede di Benicarl\u00f3, ha anche collaborato con il Comune e la Giunta Locale di Benicarl\u00f3 Fallera inviando un altro camion con il materiale umanitario l\u00ec raccolto.<\/p>\n\n\n\n<p><b>Monfort<\/b> si unisce cos\u00ec alla moltitudine di aziende che hanno offerto il loro aiuto di fronte alla tragedia causata dalle piogge torrenziali e dalle inondazioni che hanno gi\u00e0 lasciato un alto numero di vittime nella provincia di Valencia.<\/p>\n\n\n\n<p>La solidariet\u00e0 di <b>Monfort<\/b> nei confronti delle grandi catastrofi \u00e8 sempre stata evidente, come gi\u00e0 dimostrato nel caso del COVID&#8217;19, con la donazione all&#8217;Ospedale Generale di Castell\u00f3n di 65 set di subacquei isolanti monouso contro i rischi tossici e batteriologici, o nel terremoto di Amatrice, dove si \u00e8 trasportato tutto il materiale raccolto gratuitamente in Italia per aiutare le persone colpite.<\/p>\n\n\n<div class=\"su-spacer\" style=\"height:30px\"><\/div>\n\n<p style=\"text-align: right\"><a href=\"https:\/\/monfort.es\" class=\"su-button su-button-style-default\" style=\"color:#FFFFFF;background-color:#000000;border-color:#000000;border-radius:5px\" target=\"_self\"><span style=\"color:#FFFFFF;padding:6px 16px;font-size:13px;line-height:20px;border-color:#4d4d4d;border-radius:5px;text-shadow:none\"><i class=\"sui sui-arrow-left\" style=\"font-size:13px;color:#FFFFFF\"><\/i> Ritorno<\/span><\/a>\n","protected":false},"excerpt":{"rendered":"<p>La collaborazione di Monfort contro le inondazioni di Valencia L&#8217;azienda di Castell\u00f3n Transportes Monfort, in coordinamento con il Comune di Castell\u00f3n, ha collaborato con 10 veicoli della sua flotta di camion nel trasporto degli aiuti ricevuti per le persone colpite dalla devastante Dana de Valencia. L&#8217;azienda \u00e8 in costante contatto con il Comune per organizzare [&hellip;]<\/p>\n","protected":false},"author":7,"featured_media":0,"parent":0,"menu_order":0,"comment_status":"closed","ping_status":"closed","template":"","meta":{"footnotes":""},"class_list":["post-9057","page","type-page","status-publish","hentry"],"_links":{"self":[{"href":"https:\/\/monfort.es\/index.php?rest_route=\/wp\/v2\/pages\/9057","targetHints":{"allow":["GET"]}}],"collection":[{"href":"https:\/\/monfort.es\/index.php?rest_route=\/wp\/v2\/pages"}],"about":[{"href":"https:\/\/monfort.es\/index.php?rest_route=\/wp\/v2\/types\/page"}],"author":[{"embeddable":true,"href":"https:\/\/monfort.es\/index.php?rest_route=\/wp\/v2\/users\/7"}],"replies":[{"embeddable":true,"href":"https:\/\/monfort.es\/index.php?rest_route=%2Fwp%2Fv2%2Fcomments&post=9057"}],"version-history":[{"count":2,"href":"https:\/\/monfort.es\/index.php?rest_route=\/wp\/v2\/pages\/9057\/revisions"}],"predecessor-version":[{"id":9406,"href":"https:\/\/monfort.es\/index.php?rest_route=\/wp\/v2\/pages\/9057\/revisions\/9406"}],"wp:attachment":[{"href":"https:\/\/monfort.es\/index.php?rest_route=%2Fwp%2Fv2%2Fmedia&parent=9057"}],"curies":[{"name":"wp","href":"https:\/\/api.w.org\/{rel}","templated":true}]}}