{"id":9059,"date":"2025-12-02T11:00:06","date_gmt":"2025-12-02T10:00:06","guid":{"rendered":"https:\/\/monfort.es\/?page_id=9059"},"modified":"2025-12-03T13:14:24","modified_gmt":"2025-12-03T12:14:24","slug":"monfort-collaborates-again-with-the-xxi-peniscola-international-jazz-festival-2024","status":"publish","type":"page","link":"https:\/\/monfort.es\/?page_id=9059&lang=en","title":{"rendered":"Monfort, collaborates again with the XXI Pe\u00f1\u00edscola International Jazz Festival 2024 (Jazz 4 EN)"},"content":{"rendered":"\n<figure class=\"wp-block-image\"><img loading=\"lazy\" decoding=\"async\" width=\"1024\" height=\"453\" src=\"https:\/\/monfort.es\/wp-content\/uploads\/2015\/05\/JAZZ-2024-1024x453_2.jpg\" alt=\"\" class=\"wp-image-1426\" srcset=\"https:\/\/monfort.es\/wp-content\/uploads\/2015\/05\/JAZZ-2024-1024x453_2.jpg 1024w, https:\/\/monfort.es\/wp-content\/uploads\/2015\/05\/JAZZ-2024-1024x453_2-300x133.jpg 300w, https:\/\/monfort.es\/wp-content\/uploads\/2015\/05\/JAZZ-2024-1024x453_2-768x340.jpg 768w\" sizes=\"auto, (max-width: 1024px) 100vw, 1024px\" \/><\/figure>\n\n\n<p><\/p>\n\n\n<h2 class=\"wp-block-heading\">Monfort, collaborates again with the XXI Pe\u00f1\u00edscola International Jazz Festival 2024<\/h2>\n\n\n\n<p>Transportes Monfort and Transportes Belda collaborate again with the XXI Pe\u00f1\u00edscola International Jazz Festival, which this year will take place from June 27 to July 2 at the Palau de Congressos and in the Plaza Santa Mar\u00eda in Pe\u00f1\u00edscola.<\/p>\n\n\n\n<p>This new edition will feature the Ralph Moore Quartet \u2013 Swinging Hard!, the Italian jazz pianist and singer, Francesca Tandoi; two sessions of Jam Sessions, directed by Fernando Marco and featuring the Eva Catal\u00e0 Group. The Catalans The Shu Shu&#8217;s Tr\u00edo will perform in the Plaza Santa Mar\u00eda, and again at the Marco Mezquida Congress Palace Tr\u00edo with Tornado, followed by the young Formaci\u00f3n Jove Big Band Sedajazz, with Ecl\u00e8ctic; ending the Festival with the jazz pianist, composer and singer-songwriter Albert Sanz Group, with \u201cLa Espuma del Mar.<\/p>\n\n\n\n<p>Transportes Monfort, in its more than 90 years serving national and international road transport, is a clear example of professionalism in service, flexibility, innovation and respect for the environment. And also commitment to its own territory, promoting the positioning of Castell\u00f3n on the map, with prestigious events such as the Pe\u00f1\u00edscola International JAZZ Festival, of which it has been a collaborator practically since its inception. More information at <a href=\"https:\/\/jazz.ivc.gva.es\/es\/\" target=\"_blank\" rel=\"noopener noreferrer\">https:\/\/jazz.ivc.gva.es\/es\/<\/a><\/p>\n\n\n\n<hr class=\"wp-block-separator\"\/>\n\n\n<p style=\"text-align: right\"><a href=\"https:\/\/monfort.es\" class=\"su-button su-button-style-default\" style=\"color:#FFFFFF;background-color:#000000;border-color:#000000;border-radius:5px\" target=\"_self\"><span style=\"color:#FFFFFF;padding:6px 16px;font-size:13px;line-height:20px;border-color:#4d4d4d;border-radius:5px;text-shadow:none\"><i class=\"sui sui-arrow-left\" style=\"font-size:13px;color:#FFFFFF\"><\/i> Back<\/span><\/a>\n","protected":false},"excerpt":{"rendered":"<p>Monfort, collaborates again with the XXI Pe\u00f1\u00edscola International Jazz Festival 2024 Transportes Monfort and Transportes Belda collaborate again with the XXI Pe\u00f1\u00edscola International Jazz Festival, which this year will take place from June 27 to July 2 at the Palau de Congressos and in the Plaza Santa Mar\u00eda in Pe\u00f1\u00edscola. This new edition will feature [&hellip;]<\/p>\n","protected":false},"author":7,"featured_media":0,"parent":0,"menu_order":0,"comment_status":"closed","ping_status":"closed","template":"","meta":{"footnotes":""},"class_list":["post-9059","page","type-page","status-publish","hentry"],"_links":{"self":[{"href":"https:\/\/monfort.es\/index.php?rest_route=\/wp\/v2\/pages\/9059","targetHints":{"allow":["GET"]}}],"collection":[{"href":"https:\/\/monfort.es\/index.php?rest_route=\/wp\/v2\/pages"}],"about":[{"href":"https:\/\/monfort.es\/index.php?rest_route=\/wp\/v2\/types\/page"}],"author":[{"embeddable":true,"href":"https:\/\/monfort.es\/index.php?rest_route=\/wp\/v2\/users\/7"}],"replies":[{"embeddable":true,"href":"https:\/\/monfort.es\/index.php?rest_route=%2Fwp%2Fv2%2Fcomments&post=9059"}],"version-history":[{"count":2,"href":"https:\/\/monfort.es\/index.php?rest_route=\/wp\/v2\/pages\/9059\/revisions"}],"predecessor-version":[{"id":9494,"href":"https:\/\/monfort.es\/index.php?rest_route=\/wp\/v2\/pages\/9059\/revisions\/9494"}],"wp:attachment":[{"href":"https:\/\/monfort.es\/index.php?rest_route=%2Fwp%2Fv2%2Fmedia&parent=9059"}],"curies":[{"name":"wp","href":"https:\/\/api.w.org\/{rel}","templated":true}]}}