{"id":9060,"date":"2025-12-02T11:00:06","date_gmt":"2025-12-02T10:00:06","guid":{"rendered":"https:\/\/monfort.es\/?page_id=9060"},"modified":"2025-12-03T13:14:23","modified_gmt":"2025-12-03T12:14:23","slug":"monfort-collabora-nuovamente-con-il-xxi-peniscola-international-jazz-festival-2024","status":"publish","type":"page","link":"https:\/\/monfort.es\/?page_id=9060&lang=it","title":{"rendered":"Monfort, collabora nuovamente con il XXI Pe\u00f1\u00edscola International Jazz Festival 2024 (Jazz 4 IT)"},"content":{"rendered":"\n<figure class=\"wp-block-image\"><img loading=\"lazy\" decoding=\"async\" width=\"1024\" height=\"453\" src=\"https:\/\/monfort.es\/wp-content\/uploads\/2015\/05\/JAZZ-2024-1024x453_2.jpg\" alt=\"\" class=\"wp-image-1426\" srcset=\"https:\/\/monfort.es\/wp-content\/uploads\/2015\/05\/JAZZ-2024-1024x453_2.jpg 1024w, https:\/\/monfort.es\/wp-content\/uploads\/2015\/05\/JAZZ-2024-1024x453_2-300x133.jpg 300w, https:\/\/monfort.es\/wp-content\/uploads\/2015\/05\/JAZZ-2024-1024x453_2-768x340.jpg 768w\" sizes=\"auto, (max-width: 1024px) 100vw, 1024px\" \/><\/figure>\n\n\n<p><\/p>\n\n\n<h2 class=\"wp-block-heading\">Monfort, collabora nuovamente con il XXI Pe\u00f1\u00edscola International Jazz Festival 2024<\/h2>\n\n\n\n<p>Transportes Monfort e Transportes Belda collaborano nuovamente con il XXI Festival Internazionale del Jazz di Pe\u00f1\u00edscola, che quest&#8217;anno si svolger\u00e0 dal 27 giugno al 2 luglio al Palau de Congressos e nella Plaza Santa Mar\u00eda di Pe\u00f1\u00edscola.<\/p>\n\n\n\n<p>Questa nuova edizione vedr\u00e0 la partecipazione del Ralph Moore Quartet \u2013 Swinging Hard!, della pianista e cantante jazz italiana Francesca Tandoi; due sessioni di Jam Sessions, dirette da Fernando Marco e con la partecipazione del Gruppo Eva Catal\u00e0. I catalani The Shu Shu&#8217;s Tr\u00edo si esibiranno in Plaza Santa Mar\u00eda, e ancora al Palazzo dei Congressi Marco Mezquida Tr\u00edo con Tornado, seguito dalla giovane Formaci\u00f3n Jove Big Band Sedajazz, con Ecl\u00e8ctic; a chiudere il Festival il gruppo del pianista, compositore e cantautore jazz Albert Sanz, con \u201cLa Espuma del Mar.<\/p>\n\n\n\n<p>Transportes Monfort, da oltre 90 anni al servizio del trasporto stradale nazionale e internazionale, \u00e8 un chiaro esempio di professionalit\u00e0 nel servizio, flessibilit\u00e0, innovazione e rispetto per l&#8217;ambiente. E anche impegno per il proprio territorio, promuovendo il posizionamento di Castell\u00f3n sulla mappa, con eventi prestigiosi come il Festival Internazionale JAZZ di Pe\u00f1\u00edscola, di cui collabora praticamente sin dalla sua nascita. Maggiori informazioni su <a href=\"https:\/\/jazz.ivc.gva.es\/es\/\" target=\"_blank\" rel=\"noopener noreferrer\">https:\/\/jazz.ivc.gva.es\/es\/<\/a><\/p>\n\n\n\n<hr class=\"wp-block-separator\"\/>\n\n\n<p style=\"text-align: right\"><a href=\"https:\/\/monfort.es\" class=\"su-button su-button-style-default\" style=\"color:#FFFFFF;background-color:#000000;border-color:#000000;border-radius:5px\" target=\"_self\"><span style=\"color:#FFFFFF;padding:6px 16px;font-size:13px;line-height:20px;border-color:#4d4d4d;border-radius:5px;text-shadow:none\"><i class=\"sui sui-arrow-left\" style=\"font-size:13px;color:#FFFFFF\"><\/i> Ritorno<\/span><\/a>\n","protected":false},"excerpt":{"rendered":"<p>Monfort, collabora nuovamente con il XXI Pe\u00f1\u00edscola International Jazz Festival 2024 Transportes Monfort e Transportes Belda collaborano nuovamente con il XXI Festival Internazionale del Jazz di Pe\u00f1\u00edscola, che quest&#8217;anno si svolger\u00e0 dal 27 giugno al 2 luglio al Palau de Congressos e nella Plaza Santa Mar\u00eda di Pe\u00f1\u00edscola. Questa nuova edizione vedr\u00e0 la partecipazione del [&hellip;]<\/p>\n","protected":false},"author":7,"featured_media":0,"parent":0,"menu_order":0,"comment_status":"closed","ping_status":"closed","template":"","meta":{"footnotes":""},"class_list":["post-9060","page","type-page","status-publish","hentry"],"_links":{"self":[{"href":"https:\/\/monfort.es\/index.php?rest_route=\/wp\/v2\/pages\/9060","targetHints":{"allow":["GET"]}}],"collection":[{"href":"https:\/\/monfort.es\/index.php?rest_route=\/wp\/v2\/pages"}],"about":[{"href":"https:\/\/monfort.es\/index.php?rest_route=\/wp\/v2\/types\/page"}],"author":[{"embeddable":true,"href":"https:\/\/monfort.es\/index.php?rest_route=\/wp\/v2\/users\/7"}],"replies":[{"embeddable":true,"href":"https:\/\/monfort.es\/index.php?rest_route=%2Fwp%2Fv2%2Fcomments&post=9060"}],"version-history":[{"count":3,"href":"https:\/\/monfort.es\/index.php?rest_route=\/wp\/v2\/pages\/9060\/revisions"}],"predecessor-version":[{"id":9493,"href":"https:\/\/monfort.es\/index.php?rest_route=\/wp\/v2\/pages\/9060\/revisions\/9493"}],"wp:attachment":[{"href":"https:\/\/monfort.es\/index.php?rest_route=%2Fwp%2Fv2%2Fmedia&parent=9060"}],"curies":[{"name":"wp","href":"https:\/\/api.w.org\/{rel}","templated":true}]}}