{"id":9065,"date":"2025-12-02T11:10:06","date_gmt":"2025-12-02T10:10:06","guid":{"rendered":"https:\/\/monfort.es\/?page_id=9065"},"modified":"2025-12-03T13:11:03","modified_gmt":"2025-12-03T12:11:03","slug":"monfort-collaborator-of-the-xx-peniscola-international-jazz-festival-2023","status":"publish","type":"page","link":"https:\/\/monfort.es\/?page_id=9065&lang=en","title":{"rendered":"Monfort, Collaborator of the XX Pe\u00f1\u00edscola International Jazz Festival 2023 (Jazz 3 EN)"},"content":{"rendered":"\n<figure class=\"wp-block-image\"><img decoding=\"async\" src=\"https:\/\/monfort.es\/wp-content\/uploads\/2015\/05\/JAZZ-2023-1024x453.jpg\" alt=\"\" class=\"wp-image-908\"\/><\/figure>\n\n\n\n<p><\/p>\n\n\n\n<h2 class=\"wp-block-heading\">Monfort, Collaborator of the XX Pe\u00f1\u00edscola International Jazz Festival 2023<\/h2>\n\n\n\n<p>Transportes Monfort and Transportes Belda once again collaborate with the XX Pe\u00f1\u00edscola International Jazz Festival, which this year will take place from July 1 to 22 at the Palau de Congressos de Pe\u00f1\u00edscola. This new edition will feature concerts by Martin Taylor &amp; Ulf Wakenius, Dainius Pulauskas Group, Mario Parmisano, headlining the renowned pianist and singer Eliane Elias.<\/p>\n\n\n\n<p>Transportes Monfort, in its more than 90 years serving national and international road transport, is a clear example of professional service, flexibility, innovation and respect for the environment. But also commitment to their own territory, promoting the positioning of Castell\u00f3n on the map, with prestigious events such as the Pe\u00f1\u00edscola International JAZZ Festival, of which he has been a collaborator practically since its inception.<\/p>\n\n\n\n<p>More information in <a href=\"https:\/\/jazz.ivc.gva.es\/es\/\" target=\"_blank\" rel=\"noopener\">https:\/\/jazz.ivc.gva.es\/es\/<\/a><\/p>\n\n\n\n<hr class=\"wp-block-separator\"\/>\n\n\n<p style=\"text-align: right\"><a href=\"https:\/\/monfort.es\" class=\"su-button su-button-style-default\" style=\"color:#FFFFFF;background-color:#000000;border-color:#000000;border-radius:5px\" target=\"_self\"><span style=\"color:#FFFFFF;padding:6px 16px;font-size:13px;line-height:20px;border-color:#4d4d4d;border-radius:5px;text-shadow:none\"><i class=\"sui sui-arrow-left\" style=\"font-size:13px;color:#FFFFFF\"><\/i> Back<\/span><\/a>\n","protected":false},"excerpt":{"rendered":"<p>Monfort, Collaborator of the XX Pe\u00f1\u00edscola International Jazz Festival 2023 Transportes Monfort and Transportes Belda once again collaborate with the XX Pe\u00f1\u00edscola International Jazz Festival, which this year will take place from July 1 to 22 at the Palau de Congressos de Pe\u00f1\u00edscola. This new edition will feature concerts by Martin Taylor &amp; Ulf Wakenius, [&hellip;]<\/p>\n","protected":false},"author":7,"featured_media":0,"parent":0,"menu_order":0,"comment_status":"closed","ping_status":"closed","template":"","meta":{"footnotes":""},"class_list":["post-9065","page","type-page","status-publish","hentry"],"_links":{"self":[{"href":"https:\/\/monfort.es\/index.php?rest_route=\/wp\/v2\/pages\/9065","targetHints":{"allow":["GET"]}}],"collection":[{"href":"https:\/\/monfort.es\/index.php?rest_route=\/wp\/v2\/pages"}],"about":[{"href":"https:\/\/monfort.es\/index.php?rest_route=\/wp\/v2\/types\/page"}],"author":[{"embeddable":true,"href":"https:\/\/monfort.es\/index.php?rest_route=\/wp\/v2\/users\/7"}],"replies":[{"embeddable":true,"href":"https:\/\/monfort.es\/index.php?rest_route=%2Fwp%2Fv2%2Fcomments&post=9065"}],"version-history":[{"count":4,"href":"https:\/\/monfort.es\/index.php?rest_route=\/wp\/v2\/pages\/9065\/revisions"}],"predecessor-version":[{"id":9486,"href":"https:\/\/monfort.es\/index.php?rest_route=\/wp\/v2\/pages\/9065\/revisions\/9486"}],"wp:attachment":[{"href":"https:\/\/monfort.es\/index.php?rest_route=%2Fwp%2Fv2%2Fmedia&parent=9065"}],"curies":[{"name":"wp","href":"https:\/\/api.w.org\/{rel}","templated":true}]}}