{"id":9072,"date":"2025-12-02T11:20:07","date_gmt":"2025-12-02T10:20:07","guid":{"rendered":"https:\/\/monfort.es\/?page_id=9072"},"modified":"2025-12-03T13:05:51","modified_gmt":"2025-12-03T12:05:51","slug":"monfort-recibe-la-distincion-short-sea-shipping-20a-aniversario-3","status":"publish","type":"page","link":"https:\/\/monfort.es\/?page_id=9072&lang=it","title":{"rendered":"Monfort recibe la \u201cDistinci\u00f3n Short Sea Shipping 20\u00aa Aniversario\u201d (Aniversario IT)"},"content":{"rendered":"\n<figure class=\"wp-block-image\"><img decoding=\"async\" src=\"https:\/\/monfort.es\/wp-content\/uploads\/2015\/05\/Shortsea-int-1024x453_2.jpg\" alt=\"\"\/><\/figure>\n\n\n<p><\/p>\n\n\n<h2 class=\"wp-block-heading\">Monfort recibe la \u201cDistinci\u00f3n Short Sea Shipping 20\u00aa Aniversario\u201d<\/h2>\n\n\n\n<p>La Asociaci\u00f3n Espa\u00f1ola de Promoci\u00f3n del Transporte Mar\u00edtimo de Corta Distancia, SPC Spain, celebr\u00f3 el pasado 24 de noviembre la X edici\u00f3n de la Conferencia Anual de la asociaci\u00f3n, coincidiendo con su 20\u00ba Aniversario.<\/p>\n\n\n\n<p>Durante la jornada tuvo lugar la entrega de las Distinciones \u201cShortsea 20\u00aa Aniversario\u201d, en la que Monfort Log\u00edstica fue premiado por \u201csu fidelidad al Transporte Mar\u00edtimo de Corta Distancia\u201d, el galard\u00f3n lo recibi\u00f3 en nombre de la compa\u00f1\u00eda Santiago Colom, Director comercial de Monfort Log\u00edstica. Otro reconocimiento al buen hacer de nuestra empresa que deseamos compartir con todos nuestros trabajadores y clientes.<\/p>\n\n\n\n<p>Dicho galard\u00f3n se basa en la l\u00ednea de servicios seguida por Monfort, ya que debido a la semejanza entre la zona de Castell\u00f3n en Espa\u00f1a y la zona de M\u00f3dena en Italia, en cuanto al desarrollo de la producci\u00f3n cer\u00e1mica, esmaltes y maquinaria, Transportes Monfort acompa\u00f1ando a los clientes de nuestra zona empez\u00f3 en los a\u00f1os 60 a desarrollar sus servicios de transporte entre estos dos polos industriales, diversificando luego a otras muchas mercanc\u00edas y zonas de Italia.<\/p>\n\n\n\n<p>En 1972 realiz\u00f3 su primer trayecto SSS cuando aprovechando los camiones 4 ejes, se mont\u00f3 en el \u201cCanguro\u201d en la l\u00ednea Barcelona &#8211; G\u00e9nova. No fueron gran cantidad de viajes pero ya cre\u00f3 una cultura interna sobre el SSS. Luego esta l\u00ednea dej\u00f3 de estar operativa y no hab\u00eda m\u00e1s oferta.<\/p>\n\n\n\n<p>Ya m\u00e1s tarde en 2004 de nuevo Monfort se sube al barco. Primero Barcelona &#8211; G\u00e9nova y luego, y hasta la actualidad, Valencia y Barcelona con destino a los puertos Savona &#8211; Livorno &nbsp;&#8211; Civitavecchia, pasando por Tarragona &#8211; Savona y transformado los numerosos embarques combinados de articulados y remolques, a una mayor\u00eda de remolques.<\/p>\n\n\n\n<p>Por su compromiso medioambiental, Transportes Monfort desarrolla el SSS para ahorrar emisiones de gases de efecto invernadero para nuestros clientes, adem\u00e1s de mejorar y conciliar la vida de los conductores.\nTambi\u00e9n han participado en los foros especializados para con sus intervenciones promocionar el SSS entre los transportistas.<\/p>\n\n\n\n<hr class=\"wp-block-separator\"\/>\n\n\n\n<p style=\"text-align:right\"><a href=\"https:\/\/monfort.es\" class=\"su-button su-button-style-default\" style=\"color:#FFFFFF;background-color:#000000;border-color:#000000;border-radius:5px\" target=\"_self\"><span style=\"color:#FFFFFF;padding:6px 16px;font-size:13px;line-height:20px;border-color:#4d4d4d;border-radius:5px;text-shadow:none\"><i class=\"sui sui-arrow-left\" style=\"font-size:13px;color:#FFFFFF\"><\/i> Ritorno<\/span><\/a>\n","protected":false},"excerpt":{"rendered":"<p>Monfort recibe la \u201cDistinci\u00f3n Short Sea Shipping 20\u00aa Aniversario\u201d La Asociaci\u00f3n Espa\u00f1ola de Promoci\u00f3n del Transporte Mar\u00edtimo de Corta Distancia, SPC Spain, celebr\u00f3 el pasado 24 de noviembre la X edici\u00f3n de la Conferencia Anual de la asociaci\u00f3n, coincidiendo con su 20\u00ba Aniversario. Durante la jornada tuvo lugar la entrega de las Distinciones \u201cShortsea 20\u00aa [&hellip;]<\/p>\n","protected":false},"author":7,"featured_media":0,"parent":0,"menu_order":0,"comment_status":"closed","ping_status":"closed","template":"","meta":{"footnotes":""},"class_list":["post-9072","page","type-page","status-publish","hentry"],"_links":{"self":[{"href":"https:\/\/monfort.es\/index.php?rest_route=\/wp\/v2\/pages\/9072","targetHints":{"allow":["GET"]}}],"collection":[{"href":"https:\/\/monfort.es\/index.php?rest_route=\/wp\/v2\/pages"}],"about":[{"href":"https:\/\/monfort.es\/index.php?rest_route=\/wp\/v2\/types\/page"}],"author":[{"embeddable":true,"href":"https:\/\/monfort.es\/index.php?rest_route=\/wp\/v2\/users\/7"}],"replies":[{"embeddable":true,"href":"https:\/\/monfort.es\/index.php?rest_route=%2Fwp%2Fv2%2Fcomments&post=9072"}],"version-history":[{"count":3,"href":"https:\/\/monfort.es\/index.php?rest_route=\/wp\/v2\/pages\/9072\/revisions"}],"predecessor-version":[{"id":9478,"href":"https:\/\/monfort.es\/index.php?rest_route=\/wp\/v2\/pages\/9072\/revisions\/9478"}],"wp:attachment":[{"href":"https:\/\/monfort.es\/index.php?rest_route=%2Fwp%2Fv2%2Fmedia&parent=9072"}],"curies":[{"name":"wp","href":"https:\/\/api.w.org\/{rel}","templated":true}]}}