{"id":9074,"date":"2025-12-02T12:50:07","date_gmt":"2025-12-02T11:50:07","guid":{"rendered":"https:\/\/monfort.es\/?page_id=9074"},"modified":"2025-12-03T11:59:55","modified_gmt":"2025-12-03T10:59:55","slug":"monfort-premio-a-la-trayectoria-empresarial-por-economia-3-2","status":"publish","type":"page","link":"https:\/\/monfort.es\/?page_id=9074&lang=en","title":{"rendered":"Monfort, Premio a la Trayectoria Empresarial por Econom\u00eda 3 (Premio 2 EN)"},"content":{"rendered":"\n<figure class=\"wp-block-image\"><img decoding=\"async\" src=\"https:\/\/monfort.es\/wp-content\/uploads\/2015\/05\/Economia3-int-1024x453.jpg\" alt=\"\"\/><\/figure>\n\n\n<p><\/p>\n\n\n<h2 class=\"wp-block-heading\">Monfort, Premio a la Trayectoria Empresarial por Econom\u00eda 3<\/h2>\n\n\n\n<p>El pasado lunes 14 de noviembre, en la gala por el 31\u00ba Aniversario de Econom\u00eda 3, Transportes Monfort fue galardonada con el Premio a la Trayectoria Empresarial. El acto, que tuvo lugar en el Oceanogr\u00e1fico de Valencia, bajo el eslogan \u2018Las claves del \u00e9xito\u2019, reuni\u00f3 a cerca de 500 empresarios, colaboradores y personalidades siendo clausurado por el presidente de la Generalitat, Ximo Puig.<\/p>\n\n\n\n<p>El Jurado ha querido reconocer, con este premio, la importante labor que durante estos a\u00f1os Monfort ha realizado colaborando al crecimiento econ\u00f3mico de la Comunitat Valenciana. El Premio lo recibieron en nombre de la compa\u00f1\u00eda, Santiago Colom Monfort y Manuel Monfort Colom, director comercial y director gerente de Transportes Monfort. En las palabras de agradecimiento al recibir el trofeo afirmaron que su deseo es compartir este premio \u00abcon todas las personas que han pasado por nuestro equipo, principalmente a los conductores, muchos de los cuales se han jubilado en nuestra empresa\u00bb.<\/p>\n\n\n\n<p>Transportes Monfort, que ha cumplido este a\u00f1o su 90 Aniversario, est\u00e1 ubicada en Castell\u00f3n y Benicarl\u00f3, en pleno corredor del Mediterr\u00e1neo, siendo hoy una de las principales empresas espa\u00f1olas de transporte internacional de mercanc\u00edas por carretera. Con Manuel Monfort Tena al frente de la cuarta generaci\u00f3n familiar, junto a m\u00e1s de 100 profesionales, la expansi\u00f3n de la empresa siempre se ha guiado por la calidad, el servicio, la fiabilidad, la seguridad y el respeto al medio ambiente. Monfort trabaja diariamente para satisfacer las necesidades presentes y futuras del transporte en un entorno globalizado.<\/p>\n\n\n\n<p>La compa\u00f1\u00eda desea hacer extensivo este reconocimiento a todos los hombres y mujeres que han aportado su trabajo para garantizar el crecimiento y la evoluci\u00f3n de Transportes Monfort a lo largo de sus 90 a\u00f1os de historia, sin olvidar a sus clientes, a los cuales agradece la fidelidad de todos estos a\u00f1os.<\/p>\n\n\n\n<hr class=\"wp-block-separator\"\/>\n\n\n\n<p style=\"text-align:right\"><a href=\"https:\/\/monfort.es\" class=\"su-button su-button-style-default\" style=\"color:#FFFFFF;background-color:#000000;border-color:#000000;border-radius:5px\" target=\"_self\"><span style=\"color:#FFFFFF;padding:6px 16px;font-size:13px;line-height:20px;border-color:#4d4d4d;border-radius:5px;text-shadow:none\"><i class=\"sui sui-arrow-left\" style=\"font-size:13px;color:#FFFFFF\"><\/i> Volver<\/span><\/a>\n","protected":false},"excerpt":{"rendered":"<p>Monfort, Premio a la Trayectoria Empresarial por Econom\u00eda 3 El pasado lunes 14 de noviembre, en la gala por el 31\u00ba Aniversario de Econom\u00eda 3, Transportes Monfort fue galardonada con el Premio a la Trayectoria Empresarial. El acto, que tuvo lugar en el Oceanogr\u00e1fico de Valencia, bajo el eslogan \u2018Las claves del \u00e9xito\u2019, reuni\u00f3 a [&hellip;]<\/p>\n","protected":false},"author":7,"featured_media":0,"parent":0,"menu_order":0,"comment_status":"closed","ping_status":"closed","template":"","meta":{"footnotes":""},"class_list":["post-9074","page","type-page","status-publish","hentry"],"_links":{"self":[{"href":"https:\/\/monfort.es\/index.php?rest_route=\/wp\/v2\/pages\/9074","targetHints":{"allow":["GET"]}}],"collection":[{"href":"https:\/\/monfort.es\/index.php?rest_route=\/wp\/v2\/pages"}],"about":[{"href":"https:\/\/monfort.es\/index.php?rest_route=\/wp\/v2\/types\/page"}],"author":[{"embeddable":true,"href":"https:\/\/monfort.es\/index.php?rest_route=\/wp\/v2\/users\/7"}],"replies":[{"embeddable":true,"href":"https:\/\/monfort.es\/index.php?rest_route=%2Fwp%2Fv2%2Fcomments&post=9074"}],"version-history":[{"count":2,"href":"https:\/\/monfort.es\/index.php?rest_route=\/wp\/v2\/pages\/9074\/revisions"}],"predecessor-version":[{"id":9423,"href":"https:\/\/monfort.es\/index.php?rest_route=\/wp\/v2\/pages\/9074\/revisions\/9423"}],"wp:attachment":[{"href":"https:\/\/monfort.es\/index.php?rest_route=%2Fwp%2Fv2%2Fmedia&parent=9074"}],"curies":[{"name":"wp","href":"https:\/\/api.w.org\/{rel}","templated":true}]}}