{"id":9077,"date":"2025-12-02T14:15:07","date_gmt":"2025-12-02T13:15:07","guid":{"rendered":"https:\/\/monfort.es\/?page_id=9077"},"modified":"2025-12-03T11:47:44","modified_gmt":"2025-12-03T10:47:44","slug":"transportes-monfort-with-the-marato-bp-castello","status":"publish","type":"page","link":"https:\/\/monfort.es\/?page_id=9077&lang=en","title":{"rendered":"Transportes Monfort with the \u201cMarat\u00f3 BP Castell\u00f3\u201d (Marat\u00f3 BP 2 EN)"},"content":{"rendered":"\n<figure class=\"wp-block-image\"><img decoding=\"async\" src=\"https:\/\/monfort.es\/wp-content\/uploads\/2015\/05\/Monfort-Maraton-Patrocinio-02_2.jpg\" alt=\"\"\/><\/figure>\n\n\n<p><\/p>\n\n\n<h2 class=\"wp-block-heading\">Transportes Monfort with the \u201cMarat\u00f3 bp Castell\u00f3\u201d<\/h2>\n\n\n\n<p>There are just over two weeks left before the start of the XII edition of the Marat\u00f3 bp Castell\u00f3 and the IX edition of the 10K FACSA Castell\u00f3 and the event continues to gain support. Transportes Monfort, after its support as a collaborator, this year becomes the official sponsor of the event and reaffirms its commitment with an event that locates our province in the elite of international sport. Manuel Monfort Colom, administrator of the firm and Juanma Medina, vice president of the Club d&#8217;Atletisme Running Castell\u00f3 have ratified this collaboration.<\/p>\n\n\n\n<p><b>Transportes Monfort<\/b> celebrates 90 years at the service of national and international road transport, its trajectory being a clear example of professionalism in service, flexibility, innovation and respect for the environment. But also commitment to its own territory, promoting the positioning of Castell\u00f3n on the map, with prestigious events such as Marat\u00f3 bp Castell\u00f3. Both projects are joined by values of effort and international projection.<\/p>\n\n\n\n<p>In addition, Transportes Monfort treasures a broad commitment with sport over the years. Beyond the running competition, Monfort is a sponsor of the Cursa Tombatossals, the 5K Circuit Increasingly more women and the Castell\u00f3n Benjam\u00edn Basketball Club.<\/p>\n\n\n\n<hr class=\"wp-block-separator\"\/>\n\n\n\n<p style=\"text-align:right\"><a href=\"https:\/\/monfort.es\" class=\"su-button su-button-style-default\" style=\"color:#FFFFFF;background-color:#000000;border-color:#000000;border-radius:5px\" target=\"_self\"><span style=\"color:#FFFFFF;padding:6px 16px;font-size:13px;line-height:20px;border-color:#4d4d4d;border-radius:5px;text-shadow:none\"><i class=\"sui sui-arrow-left\" style=\"font-size:13px;color:#FFFFFF\"><\/i> Back<\/span><\/a>\n","protected":false},"excerpt":{"rendered":"<p>Transportes Monfort with the \u201cMarat\u00f3 bp Castell\u00f3\u201d There are just over two weeks left before the start of the XII edition of the Marat\u00f3 bp Castell\u00f3 and the IX edition of the 10K FACSA Castell\u00f3 and the event continues to gain support. Transportes Monfort, after its support as a collaborator, this year becomes the official [&hellip;]<\/p>\n","protected":false},"author":7,"featured_media":0,"parent":0,"menu_order":0,"comment_status":"closed","ping_status":"closed","template":"","meta":{"footnotes":""},"class_list":["post-9077","page","type-page","status-publish","hentry"],"_links":{"self":[{"href":"https:\/\/monfort.es\/index.php?rest_route=\/wp\/v2\/pages\/9077","targetHints":{"allow":["GET"]}}],"collection":[{"href":"https:\/\/monfort.es\/index.php?rest_route=\/wp\/v2\/pages"}],"about":[{"href":"https:\/\/monfort.es\/index.php?rest_route=\/wp\/v2\/types\/page"}],"author":[{"embeddable":true,"href":"https:\/\/monfort.es\/index.php?rest_route=\/wp\/v2\/users\/7"}],"replies":[{"embeddable":true,"href":"https:\/\/monfort.es\/index.php?rest_route=%2Fwp%2Fv2%2Fcomments&post=9077"}],"version-history":[{"count":2,"href":"https:\/\/monfort.es\/index.php?rest_route=\/wp\/v2\/pages\/9077\/revisions"}],"predecessor-version":[{"id":9412,"href":"https:\/\/monfort.es\/index.php?rest_route=\/wp\/v2\/pages\/9077\/revisions\/9412"}],"wp:attachment":[{"href":"https:\/\/monfort.es\/index.php?rest_route=%2Fwp%2Fv2%2Fmedia&parent=9077"}],"curies":[{"name":"wp","href":"https:\/\/api.w.org\/{rel}","templated":true}]}}