{"id":9081,"date":"2025-12-02T18:10:07","date_gmt":"2025-12-02T17:10:07","guid":{"rendered":"https:\/\/monfort.es\/?page_id=9081"},"modified":"2025-12-03T10:56:12","modified_gmt":"2025-12-03T09:56:12","slug":"90-aniversario-it","status":"publish","type":"page","link":"https:\/\/monfort.es\/?page_id=9081&lang=it","title":{"rendered":"90 Aniversario (IT)"},"content":{"rendered":"\n<figure class=\"wp-block-image\"><img decoding=\"async\" src=\"https:\/\/monfort.es\/wp-content\/uploads\/2015\/05\/Monfort-Calendario22-banner-02_2.jpg\" alt=\"\"\/><\/figure>\n\n<p><\/p>\n\n<h2 class=\"wp-block-heading\">1932-2022 Monfort, 90 anni al servizio dei trasporti.<\/h2>\n\n\n\n<p>La Trasporti Monfort, fondata nel 1932 da Manuel Monfort Fabregat, \u00e8 una realt\u00e0 pioniera nell&#8217;apertura di vie di trasporto su strada. Festeggia quest&#8217;anno il 90\u00b0 anniversario con Manuel Monfort Tena al comando come quarta generazione.<\/p>\n\n\n\n<p>La ditta intende condividere la sua storia di 90 anni con tutti i suoi clienti, lavoratori e fornitori, motivo per il quale ha realizzato il calendario 2022 in cui illustra lo sviluppo e la continua crescita dell\u2019Azienda.<\/p>\n\n\n\n<p>Dalle sue origini a Villafranca del Cid, alle prime rotte attraverso l&#8217;Europa, all&#8217;innovativo sistema GPS nei suoi veicoli, all\u2019acquisizione della Transporti Belda, ai 50.000 m2 di magazzini per la logistica o alla stazione di gas naturale vicino alla sua sede nella \u201cCiudade del Transporte\u201d (citt\u00e0 del trasporti) di Castell\u00f3n\u2026 l&#8217;espansione di Monfort \u00e8 sempre stata improntata alla qualit\u00e0, servizio, affidabilit\u00e0, sicurezza e rispetto per l&#8217;ambiente. Oggi Trasporti Monfort \u00e8 una delle principali compagnie di trasporto e logistica spagnole, con rotte verso oltre 1.500 destinazioni internazionali.<\/p>\n\n\n\n<p>Il Calendario Monfort 1932-2022, realizzato dallo studio \u00c1lvaro Bautista Dise\u00f1o, \u00e8 composto da 12 immagini che mostrano l&#8217;evoluzione dell&#8217;azienda durante i suoi 90 anni di storia. Nei diversi mesi \u00e8 possibile apprezzare i progressi: dai primi camion e servizi al trasferimento nella sua attuale sede nella Citt\u00e0 dei Trasporti di Castell\u00f3n e all&#8217;acquisizione di magazzini per la logistica.<\/p>\n\n\n\n<p>Tutto accompagnato da un breve testo esplicativo. Trasporti Monfort \u00e8 orgoglioso delle aziende, dei collaboratori e dei lavoratori che l&#8217;hanno supportata per 90 anni, fino a farla diventare un punto di riferimento internazionale nel settore dei trasporti.<\/p>\n\n\n\n<p>Vi lasciamo qui sul web un esempio del calendario in modo che possiate godervelo.<a rel=\"noopener noreferrer\" href=\"https:\/\/monfort.es\/wp-content\/uploads\/2015\/05\/Monfort-Calendario2022-BAJA.pdf\" target=\"_blank\">Monfort 90\u00b0 Anniversario<\/a><\/p>\n\n\n\n<hr class=\"wp-block-separator\"\/>\n\n\n\n<p style=\"text-align:right\"><a href=\"https:\/\/monfort.es\" class=\"su-button su-button-style-default\" style=\"color:#FFFFFF;background-color:#000000;border-color:#000000;border-radius:5px\" target=\"_self\"><span style=\"color:#FFFFFF;padding:6px 16px;font-size:13px;line-height:20px;border-color:#4d4d4d;border-radius:5px;text-shadow:none\"><i class=\"sui sui-arrow-left\" style=\"font-size:13px;color:#FFFFFF\"><\/i> Volver<\/span><\/a>\n\n\n<p>","protected":false},"excerpt":{"rendered":"<p>1932-2022 Monfort, 90 anni al servizio dei trasporti. La Trasporti Monfort, fondata nel 1932 da Manuel Monfort Fabregat, \u00e8 una realt\u00e0 pioniera nell&#8217;apertura di vie di trasporto su strada. Festeggia quest&#8217;anno il 90\u00b0 anniversario con Manuel Monfort Tena al comando come quarta generazione. La ditta intende condividere la sua storia di 90 anni con tutti [&hellip;]<\/p>\n","protected":false},"author":7,"featured_media":0,"parent":0,"menu_order":0,"comment_status":"closed","ping_status":"closed","template":"","meta":{"footnotes":""},"class_list":["post-9081","page","type-page","status-publish","hentry"],"_links":{"self":[{"href":"https:\/\/monfort.es\/index.php?rest_route=\/wp\/v2\/pages\/9081","targetHints":{"allow":["GET"]}}],"collection":[{"href":"https:\/\/monfort.es\/index.php?rest_route=\/wp\/v2\/pages"}],"about":[{"href":"https:\/\/monfort.es\/index.php?rest_route=\/wp\/v2\/types\/page"}],"author":[{"embeddable":true,"href":"https:\/\/monfort.es\/index.php?rest_route=\/wp\/v2\/users\/7"}],"replies":[{"embeddable":true,"href":"https:\/\/monfort.es\/index.php?rest_route=%2Fwp%2Fv2%2Fcomments&post=9081"}],"version-history":[{"count":3,"href":"https:\/\/monfort.es\/index.php?rest_route=\/wp\/v2\/pages\/9081\/revisions"}],"predecessor-version":[{"id":9364,"href":"https:\/\/monfort.es\/index.php?rest_route=\/wp\/v2\/pages\/9081\/revisions\/9364"}],"wp:attachment":[{"href":"https:\/\/monfort.es\/index.php?rest_route=%2Fwp%2Fv2%2Fmedia&parent=9081"}],"curies":[{"name":"wp","href":"https:\/\/api.w.org\/{rel}","templated":true}]}}