{"id":9084,"date":"2025-12-02T11:30:07","date_gmt":"2025-12-02T10:30:07","guid":{"rendered":"https:\/\/monfort.es\/?page_id=9084"},"modified":"2025-12-03T13:01:17","modified_gmt":"2025-12-03T12:01:17","slug":"monfort-si-prende-cura-del-nostro-pianeta","status":"publish","type":"page","link":"https:\/\/monfort.es\/?page_id=9084&lang=it","title":{"rendered":"Monfort si prende cura del nostro pianeta (Planeta IT)"},"content":{"rendered":"\n<figure class=\"wp-block-image\"><img loading=\"lazy\" decoding=\"async\" width=\"1024\" height=\"453\" src=\"https:\/\/monfort.es\/wp-content\/uploads\/2021\/01\/Fotovoltaica-Interior-40x460-1024x453_play-1024x453.jpg\" alt=\"\" class=\"wp-image-908\" srcset=\"https:\/\/monfort.es\/wp-content\/uploads\/2021\/01\/Fotovoltaica-Interior-40x460-1024x453_play.jpg 1024w, https:\/\/monfort.es\/wp-content\/uploads\/2021\/01\/Fotovoltaica-Interior-40x460-1024x453_play-300x133.jpg 300w, https:\/\/monfort.es\/wp-content\/uploads\/2021\/01\/Fotovoltaica-Interior-40x460-1024x453_play-768x340.jpg 768w\" sizes=\"auto, (max-width: 1024px) 100vw, 1024px\" \/><\/figure>\n\n\n<p><\/p>\n\n\n<h2 class=\"wp-block-heading\">Monfort si prende cura del nostro pianeta<\/h2>\n\n\n\n<p>In Transportes Monfort, siamo consapevoli della responsabilit\u00e0 che abbiamo nei confronti del nostro pianeta, quindi cerchiamo sempre di ridurre al minimo il pi\u00f9 possibile il possibile impatto che la nostra attivit\u00e0 pu\u00f2 generare sull&#8217;ambiente, in conformit\u00e0 con il nostro certificato ISO 14001.<\/p>\n\n\n\n<p>Il risultato di questo sforzo \u00e8 l&#8217;installazione fotovoltaica recentemente completata situata nella nostra sede a Ciudad del Transporte Castell\u00f3n. Avviato nel 2013, \u00e8 stato quando abbiamo effettuato una prima installazione di 22 kWp, e con l&#8217;ampliamento ora effettuato di ulteriori 49 kWp, ora abbiamo gi\u00e0 raggiunto i 71 kWp installati.<\/p>\n\n\n\n<p>In questo modo a Monfort, con l&#8217;energia solare fotovoltaica otteniamo una fonte di energia indipendente, sostenibile, priva di emissioni inquinanti e rispettosa dell&#8217;ambiente.<\/p>\n\n\n<hr\/>\n\n<p style=\"text-align: right\"><a href=\"https:\/\/monfort.es\" class=\"su-button su-button-style-default\" style=\"color:#FFFFFF;background-color:#000000;border-color:#000000;border-radius:5px\" target=\"_self\"><span style=\"color:#FFFFFF;padding:6px 16px;font-size:13px;line-height:20px;border-color:#4d4d4d;border-radius:5px;text-shadow:none\"><i class=\"sui sui-arrow-left\" style=\"font-size:13px;color:#FFFFFF\"><\/i> Ritorno<\/span><\/a>\n","protected":false},"excerpt":{"rendered":"<p>Monfort si prende cura del nostro pianeta In Transportes Monfort, siamo consapevoli della responsabilit\u00e0 che abbiamo nei confronti del nostro pianeta, quindi cerchiamo sempre di ridurre al minimo il pi\u00f9 possibile il possibile impatto che la nostra attivit\u00e0 pu\u00f2 generare sull&#8217;ambiente, in conformit\u00e0 con il nostro certificato ISO 14001. Il risultato di questo sforzo \u00e8 [&hellip;]<\/p>\n","protected":false},"author":7,"featured_media":0,"parent":0,"menu_order":0,"comment_status":"closed","ping_status":"closed","template":"","meta":{"footnotes":""},"class_list":["post-9084","page","type-page","status-publish","hentry"],"_links":{"self":[{"href":"https:\/\/monfort.es\/index.php?rest_route=\/wp\/v2\/pages\/9084","targetHints":{"allow":["GET"]}}],"collection":[{"href":"https:\/\/monfort.es\/index.php?rest_route=\/wp\/v2\/pages"}],"about":[{"href":"https:\/\/monfort.es\/index.php?rest_route=\/wp\/v2\/types\/page"}],"author":[{"embeddable":true,"href":"https:\/\/monfort.es\/index.php?rest_route=\/wp\/v2\/users\/7"}],"replies":[{"embeddable":true,"href":"https:\/\/monfort.es\/index.php?rest_route=%2Fwp%2Fv2%2Fcomments&post=9084"}],"version-history":[{"count":2,"href":"https:\/\/monfort.es\/index.php?rest_route=\/wp\/v2\/pages\/9084\/revisions"}],"predecessor-version":[{"id":9475,"href":"https:\/\/monfort.es\/index.php?rest_route=\/wp\/v2\/pages\/9084\/revisions\/9475"}],"wp:attachment":[{"href":"https:\/\/monfort.es\/index.php?rest_route=%2Fwp%2Fv2%2Fmedia&parent=9084"}],"curies":[{"name":"wp","href":"https:\/\/api.w.org\/{rel}","templated":true}]}}