{"id":9087,"date":"2025-12-02T14:11:07","date_gmt":"2025-12-02T13:11:07","guid":{"rendered":"https:\/\/monfort.es\/?page_id=9087"},"modified":"2025-12-03T11:50:12","modified_gmt":"2025-12-03T10:50:12","slug":"esenciales-3","status":"publish","type":"page","link":"https:\/\/monfort.es\/?page_id=9087&lang=it","title":{"rendered":"Esenciales (Esenciales IT)"},"content":{"rendered":"\n<figure class=\"wp-block-image\"><img loading=\"lazy\" decoding=\"async\" width=\"1024\" height=\"453\" src=\"https:\/\/monfort.es\/wp-content\/uploads\/2015\/05\/Monfort-Portada-01-banner-1024x453.jpg\" alt=\"\" class=\"wp-image-898\" srcset=\"https:\/\/monfort.es\/wp-content\/uploads\/2015\/05\/Monfort-Portada-01-banner.jpg 1024w, https:\/\/monfort.es\/wp-content\/uploads\/2015\/05\/Monfort-Portada-01-banner-300x133.jpg 300w, https:\/\/monfort.es\/wp-content\/uploads\/2015\/05\/Monfort-Portada-01-banner-768x340.jpg 768w\" sizes=\"auto, (max-width: 1024px) 100vw, 1024px\" \/><\/figure>\n\n\n<p><\/p>\n\n\n<h2 class=\"wp-block-heading\">Monfort premia i professionisti del trasporto nel suo calendario 2021<\/h2>\n\n\n\n<p><p>Quest&#8217;anno il nostro calendario rende omaggio a tutti i professionisti della catena logistica per il loro lavoro durante la crisi COVID-19.<\/p><p>Abbiamo chiamato questa edizione \u00abEssentials\u00bb e con essa vogliamo dare visibilit\u00e0 e riconoscere lo sforzo di tutti i lavoratori del settore: autisti, magazzinieri, meccanici, operatori del traffico, fornitori e collaboratori, associazioni dei trasporti, &#8230; per andare avanti qualunque cosa accada nei momenti pi\u00f9 difficili, consentendo l&#8217;approvvigionamento di beni alla popolazione e all&#8217;industria. Oggi pi\u00f9 che mai \u00e8 stato dimostrato l&#8217;importanza e l&#8217;essenziale del lavoro svolto da questi professionisti.<\/p><p>Il Calendario Monfort 2021, realizzato dallo studio \u00c1lvaro Bautista Dise\u00f1o, \u00e8 composto da 12 illustrazioni create appositamente per l&#8217;occasione in cui \u00e8 possibile vedere diverse scene della catena di trasporto attraverso i diversi mesi, come il carico di merci o la solitudine dei conducenti sulla strada. La sua estetica, sorprendente e altamente visiva, \u00e8 ispirata allo stile tipico dei fumetti dei supereroi americani, poich\u00e9 abbiamo cercato di migliorare il coraggio e la dedizione di questi professionisti dei trasporti.<\/p><p>In Monfort creiamo anno dopo anno un calendario per clienti e collaboratori dell&#8217;azienda, ogni volta con un tema ed un&#8217;estetica diversi, come segno di gratitudine per la loro fedelt\u00e0.<\/p><p>Vi lasciamo qui sul web un esempio del calendario in modo che possiate godervelo. Monfort &#8211; Essenziale 2021<a href=\"https:\/\/monfort.es\/wp-content\/uploads\/2015\/05\/Monfort_Calendario_2021.pdf\" target=\"_blank\" rel=\"noopener noreferrer\">Monfort &#8211; Essenziale 2021<\/a><\/p><\/p>\n\n\n\n<hr class=\"wp-block-separator\"\/>\n\n\n\n<p style=\"text-align:right\"><a href=\"https:\/\/monfort.es\" class=\"su-button su-button-style-default\" style=\"color:#FFFFFF;background-color:#000000;border-color:#000000;border-radius:5px\" target=\"_self\"><span style=\"color:#FFFFFF;padding:6px 16px;font-size:13px;line-height:20px;border-color:#4d4d4d;border-radius:5px;text-shadow:none\"><i class=\"sui sui-arrow-left\" style=\"font-size:13px;color:#FFFFFF\"><\/i> Volver<\/span><\/a>\n","protected":false},"excerpt":{"rendered":"<p>Monfort premia i professionisti del trasporto nel suo calendario 2021 Quest&#8217;anno il nostro calendario rende omaggio a tutti i professionisti della catena logistica per il loro lavoro durante la crisi COVID-19. Abbiamo chiamato questa edizione \u00abEssentials\u00bb e con essa vogliamo dare visibilit\u00e0 e riconoscere lo sforzo di tutti i lavoratori del settore: autisti, magazzinieri, meccanici, [&hellip;]<\/p>\n","protected":false},"author":7,"featured_media":0,"parent":0,"menu_order":0,"comment_status":"closed","ping_status":"closed","template":"","meta":{"footnotes":""},"class_list":["post-9087","page","type-page","status-publish","hentry"],"_links":{"self":[{"href":"https:\/\/monfort.es\/index.php?rest_route=\/wp\/v2\/pages\/9087","targetHints":{"allow":["GET"]}}],"collection":[{"href":"https:\/\/monfort.es\/index.php?rest_route=\/wp\/v2\/pages"}],"about":[{"href":"https:\/\/monfort.es\/index.php?rest_route=\/wp\/v2\/types\/page"}],"author":[{"embeddable":true,"href":"https:\/\/monfort.es\/index.php?rest_route=\/wp\/v2\/users\/7"}],"replies":[{"embeddable":true,"href":"https:\/\/monfort.es\/index.php?rest_route=%2Fwp%2Fv2%2Fcomments&post=9087"}],"version-history":[{"count":3,"href":"https:\/\/monfort.es\/index.php?rest_route=\/wp\/v2\/pages\/9087\/revisions"}],"predecessor-version":[{"id":9416,"href":"https:\/\/monfort.es\/index.php?rest_route=\/wp\/v2\/pages\/9087\/revisions\/9416"}],"wp:attachment":[{"href":"https:\/\/monfort.es\/index.php?rest_route=%2Fwp%2Fv2%2Fmedia&parent=9087"}],"curies":[{"name":"wp","href":"https:\/\/api.w.org\/{rel}","templated":true}]}}