{"id":9090,"date":"2025-12-02T15:00:07","date_gmt":"2025-12-02T14:00:07","guid":{"rendered":"https:\/\/monfort.es\/?page_id=9090"},"modified":"2025-12-03T11:23:55","modified_gmt":"2025-12-03T10:23:55","slug":"solidaridad-monfort-frente-al-covid19-it","status":"publish","type":"page","link":"https:\/\/monfort.es\/?page_id=9090&lang=it","title":{"rendered":"Solidaridad Monfort frente al COVID\u201919 (Covid IT)"},"content":{"rendered":"\n<figure class=\"wp-block-image\"><img loading=\"lazy\" decoding=\"async\" width=\"1024\" height=\"453\" src=\"https:\/\/monfort.es\/wp-content\/uploads\/2015\/05\/Fotos_monos_monfort.png\" alt=\"\" class=\"wp-image-848\" srcset=\"https:\/\/monfort.es\/wp-content\/uploads\/2015\/05\/Fotos_monos_monfort.png 1024w, https:\/\/monfort.es\/wp-content\/uploads\/2015\/05\/Fotos_monos_monfort-300x133.png 300w, https:\/\/monfort.es\/wp-content\/uploads\/2015\/05\/Fotos_monos_monfort-768x340.png 768w\" sizes=\"auto, (max-width: 1024px) 100vw, 1024px\" \/><\/figure>\n\n\n<p><\/p>\n\n\n<h2 class=\"wp-block-heading\">Solidaridad Monfort frente al COVID\u201919<\/h2>\n\n\n\n<p>La empresa castellonense Transportes Monfort ha realizado una donaci\u00f3n al Hospital General de Castell\u00f3n de 65 equipos de buzos desechables \u201cEU 2016\/42 categor\u00eda III\u201d aislantes frente a riesgos t\u00f3xicos y bacteriol\u00f3gicos, que van equipados con cremallera cubierta por solapa adhesiva para mayor protecci\u00f3n y que adem\u00e1s cuentan con pu\u00f1os el\u00e1sticos y capucha para un mejor aislamiento del entorno del personal que los utilice.<\/p>\n\n\n\n<p>Dichos buzos han sido muy bien recibidos por los responsables del departamento de atenci\u00f3n a los pacientes del Covid-19 en el Hospital General de Castell\u00f3n, que ya est\u00e1n haciendo uso de los mismos.<\/p>\n\n\n\n<p>Monfort se suma as\u00ed a la multitud de empresas grandes, medianas y peque\u00f1as, que han ofrecido su apoyo en la situaci\u00f3n de alarma en la que Espa\u00f1a est\u00e1 inmersa. Monfort siempre se ha solidarizado con las grandes cat\u00e1strofes, tal y como ya demostr\u00f3 en el terremoto de Amatrice, d\u00f3nde transport\u00f3 gratuitamente hasta Italia todo el material recogido como ayuda a los afectados.<\/p>\n\n\n\n<hr class=\"wp-block-separator\"\/>\n\n\n<p style=\"text-align: right\"><a href=\"https:\/\/monfort.es\" class=\"su-button su-button-style-default\" style=\"color:#FFFFFF;background-color:#000000;border-color:#000000;border-radius:5px\" target=\"_self\"><span style=\"color:#FFFFFF;padding:6px 16px;font-size:13px;line-height:20px;border-color:#4d4d4d;border-radius:5px;text-shadow:none\"><i class=\"sui sui-arrow-left\" style=\"font-size:13px;color:#FFFFFF\"><\/i> Volver<\/span><\/a>\n","protected":false},"excerpt":{"rendered":"<p>Solidaridad Monfort frente al COVID\u201919 La empresa castellonense Transportes Monfort ha realizado una donaci\u00f3n al Hospital General de Castell\u00f3n de 65 equipos de buzos desechables \u201cEU 2016\/42 categor\u00eda III\u201d aislantes frente a riesgos t\u00f3xicos y bacteriol\u00f3gicos, que van equipados con cremallera cubierta por solapa adhesiva para mayor protecci\u00f3n y que adem\u00e1s cuentan con pu\u00f1os el\u00e1sticos [&hellip;]<\/p>\n","protected":false},"author":7,"featured_media":0,"parent":0,"menu_order":0,"comment_status":"closed","ping_status":"closed","template":"","meta":{"footnotes":""},"class_list":["post-9090","page","type-page","status-publish","hentry"],"_links":{"self":[{"href":"https:\/\/monfort.es\/index.php?rest_route=\/wp\/v2\/pages\/9090","targetHints":{"allow":["GET"]}}],"collection":[{"href":"https:\/\/monfort.es\/index.php?rest_route=\/wp\/v2\/pages"}],"about":[{"href":"https:\/\/monfort.es\/index.php?rest_route=\/wp\/v2\/types\/page"}],"author":[{"embeddable":true,"href":"https:\/\/monfort.es\/index.php?rest_route=\/wp\/v2\/users\/7"}],"replies":[{"embeddable":true,"href":"https:\/\/monfort.es\/index.php?rest_route=%2Fwp%2Fv2%2Fcomments&post=9090"}],"version-history":[{"count":2,"href":"https:\/\/monfort.es\/index.php?rest_route=\/wp\/v2\/pages\/9090\/revisions"}],"predecessor-version":[{"id":9393,"href":"https:\/\/monfort.es\/index.php?rest_route=\/wp\/v2\/pages\/9090\/revisions\/9393"}],"wp:attachment":[{"href":"https:\/\/monfort.es\/index.php?rest_route=%2Fwp%2Fv2%2Fmedia&parent=9090"}],"curies":[{"name":"wp","href":"https:\/\/api.w.org\/{rel}","templated":true}]}}