{"id":9121,"date":"2025-12-02T12:30:08","date_gmt":"2025-12-02T11:30:08","guid":{"rendered":"https:\/\/monfort.es\/?page_id=9121"},"modified":"2025-12-03T12:24:45","modified_gmt":"2025-12-03T11:24:45","slug":"premio-azienda-dellanno-2014","status":"publish","type":"page","link":"https:\/\/monfort.es\/?page_id=9121&lang=it","title":{"rendered":"Premio azienda dell\u2019anno 2014 (Premio IT)"},"content":{"rendered":"\n<figure class=\"wp-block-image\"><img loading=\"lazy\" decoding=\"async\" width=\"1024\" height=\"394\" src=\"https:\/\/monfort.es\/wp-content\/uploads\/2015\/05\/noticia-1-1024x394.jpg\" alt=\"\" class=\"wp-image-487\" srcset=\"https:\/\/monfort.es\/wp-content\/uploads\/2015\/05\/noticia-1-1024x394.jpg 1024w, https:\/\/monfort.es\/wp-content\/uploads\/2015\/05\/noticia-1-300x115.jpg 300w, https:\/\/monfort.es\/wp-content\/uploads\/2015\/05\/noticia-1-768x295.jpg 768w, https:\/\/monfort.es\/wp-content\/uploads\/2015\/05\/noticia-1.jpg 1040w\" sizes=\"auto, (max-width: 1024px) 100vw, 1024px\" \/><\/figure>\n\n\n<p><\/p>\n\n\n<h2 class=\"wp-block-heading\">Premio azienda dell\u2019anno 2014<\/h2>\n\n\n<p>Transportes Monfort ha vinto il premio Azienda dell\u2019Anno 2014 nell\u2019intera provincia di Castell\u00f3n. Quest\u2019azienda veterana, caratterizzata da pi\u00f9 di 80 anni di vita e con sede a Castell\u00f3n, si \u00e9 imposta, nella notte di gioved\u00ec 7 Maggio presso l\u2019Auditorio e Palazzo dei Congressi di Castell\u00f3n, su una serie di 14 aziende finaliste in virt\u00f9 dei voti di una giuria d\u2019esperti, nell\u2019ambito della consegna di premi annualmente assegnati dal giornale Mediterr\u00e1neo.<\/p>\n\n<p>Il gal\u00e0, patrocinato dall\u2019azienda Telef\u00f3nica, ha riunito circa 400 importanti personaggi del mondo dell\u2019economia, dell\u2019impresa, della cultura e della politica della comunit\u00e0 valenzana. L\u2019evento \u00e9 stato presieduto da Alberto Fabra, presidente della Generalitat valenzana, il quale ha consegnato il premio a Don Manuel Monfort Tena, presidente di Transportes Monfort.<\/p>\n\n<p>Le parole del Sr. Monfort hanno sottolineato come il premio \u201ccostituisca un nuovo stimolo a proseguire il nostro lavoro, che altro non \u00e9 se non il cammino verso un continuo superarsi e migliorarsi\u201d, allo stesso tempo condividendo quest\u2019importante riconoscimento \u201ccon tutti gli uomini e le donne che hanno dedicato il proprio lavoro alla crescita e all\u2019evoluzione di Transportes Monfort nei suoi oltre 80 anni di storia\u201d, senza dimenticare i clienti, che sono stati ringraziati \u201cper la loro fedelt\u00e0 in tutti questi anni\u201d.<\/p>\n\n\n<a href=\"https:\/\/monfort.es\/wp-content\/uploads\/2015\/05\/GetThumbsByFilename-8-e1431419826408.jpg\"><img loading=\"lazy\" decoding=\"async\" class=\"  wp-image-111 alignleft\" src=\"https:\/\/monfort.es\/wp-content\/uploads\/2015\/05\/GetThumbsByFilename-8-e1431419826408.jpg\" alt=\"GetThumbsByFilename-8\" width=\"376\" height=\"434\" srcset=\"https:\/\/monfort.es\/wp-content\/uploads\/2015\/05\/GetThumbsByFilename-8-e1431419826408.jpg 984w, https:\/\/monfort.es\/wp-content\/uploads\/2015\/05\/GetThumbsByFilename-8-e1431419826408-260x300.jpg 260w, https:\/\/monfort.es\/wp-content\/uploads\/2015\/05\/GetThumbsByFilename-8-e1431419826408-887x1024.jpg 887w\" sizes=\"auto, (max-width: 376px) 100vw, 376px\" \/><\/a>\n\n<p>Manuel Monfort ha inoltre assicurato che Transportes Monfort, grazie allo status di azienda a conduzione familiare, \u00e9 in grado di continuare nel suo impegno per la qualit\u00e0 e l\u2019innovazione \u201cper consolidare la posizione di fedele alleato del processo d\u2019espansione ed internazionalizzazione dei settori economici della provincia di Castell\u00f3n\u201d.<\/p>\n\n<p>Transportes Monfort, con sedi a Castell\u00f3n e Benicarl\u00f3, nel corridoio mediterraneo, \u00e9 al giorno d\u2019oggi una delle principali aziende spagnole di trasporti internazionali di merci su strada. Caratterizzata da una storia di quasi un secolo, arrivata alla quarta generazione familiare, insieme a pi\u00f9 di 100 professionisti, quest\u2019azienda lavora per soddisfare necessit\u00e0 presenti e future nel campo dei trasporti in un ambiente globalizzato. Queste credenziali hanno contribuito a far nominare Transportes Monfort Azienda dell\u2019Anno dal giornale Mediterr\u00e1neo.<\/p>\n\n<p>A tale incontro, patrocinato dall\u2019azienda Telef\u00f3nica, hanno partecipato pi\u00f9 di 400 invitati, tra cui anche il presidente della Generalitat valenzana, Alberto Fabra, diversi consiglieri, sindaci di provincia, rappresentanti delle principali organizzazioni imprenditoriali ed entit\u00e0 finanziarie, rappresentanti della cultura e della societ\u00e0 di Castell\u00f2n oltre a, ovviamente, impresari esperti ed \u201cin erba\u201d, grandi protagonisti della serata.<\/p>\n\n<hr \/>","protected":false},"excerpt":{"rendered":"<p>Premio azienda dell\u2019anno 2014 Transportes Monfort ha vinto il premio Azienda dell\u2019Anno 2014 nell\u2019intera provincia di Castell\u00f3n. Quest\u2019azienda veterana, caratterizzata da pi\u00f9 di 80 anni di vita e con sede a Castell\u00f3n, si \u00e9 imposta, nella notte di gioved\u00ec 7 Maggio presso l\u2019Auditorio e Palazzo dei Congressi di Castell\u00f3n, su una serie di 14 aziende [&hellip;]<\/p>\n","protected":false},"author":7,"featured_media":0,"parent":0,"menu_order":0,"comment_status":"closed","ping_status":"closed","template":"","meta":{"footnotes":""},"class_list":["post-9121","page","type-page","status-publish","hentry"],"_links":{"self":[{"href":"https:\/\/monfort.es\/index.php?rest_route=\/wp\/v2\/pages\/9121","targetHints":{"allow":["GET"]}}],"collection":[{"href":"https:\/\/monfort.es\/index.php?rest_route=\/wp\/v2\/pages"}],"about":[{"href":"https:\/\/monfort.es\/index.php?rest_route=\/wp\/v2\/types\/page"}],"author":[{"embeddable":true,"href":"https:\/\/monfort.es\/index.php?rest_route=\/wp\/v2\/users\/7"}],"replies":[{"embeddable":true,"href":"https:\/\/monfort.es\/index.php?rest_route=%2Fwp%2Fv2%2Fcomments&post=9121"}],"version-history":[{"count":4,"href":"https:\/\/monfort.es\/index.php?rest_route=\/wp\/v2\/pages\/9121\/revisions"}],"predecessor-version":[{"id":9433,"href":"https:\/\/monfort.es\/index.php?rest_route=\/wp\/v2\/pages\/9121\/revisions\/9433"}],"wp:attachment":[{"href":"https:\/\/monfort.es\/index.php?rest_route=%2Fwp%2Fv2%2Fmedia&parent=9121"}],"curies":[{"name":"wp","href":"https:\/\/api.w.org\/{rel}","templated":true}]}}