{"id":9261,"date":"2025-12-02T14:25:17","date_gmt":"2025-12-02T13:25:17","guid":{"rendered":"https:\/\/monfort.es\/?page_id=9261"},"modified":"2025-12-03T10:24:56","modified_gmt":"2025-12-03T09:24:56","slug":"energia-en-movimiento-monfort-2-2","status":"publish","type":"page","link":"https:\/\/monfort.es\/?page_id=9261&lang=it","title":{"rendered":"Energ\u00eda en movimiento Monfort (Marat\u00f3 BP 3 IT)"},"content":{"rendered":"\n<figure class=\"wp-block-image\"><img decoding=\"async\" src=\"https:\/\/monfort.es\/wp-content\/uploads\/2015\/05\/Monfort_1024x453-1.jpg\" alt=\"\"\/><\/figure>\n\n\n\n<p><\/p>\n\n\n\n<h2 class=\"wp-block-heading\">Energ\u00eda en movimiento Monfort<\/h2>\n\n\n\n<p>Transportes Monfort revalida su apoyo XIV edici\u00f3n de Marat\u00f3 bp Castell\u00f3 y la XI edici\u00f3n de la 10k FACSA Castell\u00f3, como patrocinadores de la carrera.<\/p>\n\n\n\n<p>La compa\u00f1\u00eda demuestra una a\u00f1o m\u00e1s su compromiso con el territorio y colabora con posicionar a Castell\u00f3n en el mapa deportivo.<\/p>\n\n\n\n<p>Monfort, que inici\u00f3 su relaci\u00f3n con la competici\u00f3n como colaborador de la misma, revalida por tercer a\u00f1o consecutivo su posici\u00f3n como patrocinador de la prueba.  As\u00ed lo han acordado Manuel Monfort Colom, administrador de Transportes Monfort y Juanma Medina, director de carrera.<\/p>\n\n\n\n<p>Transportes Monfort centra su labor en la innovaci\u00f3n, seguridad y calidad, adem\u00e1s del respeto al entorno. Con una experiencia de m\u00e1s de 90 a\u00f1os al servicio del transporte nacional e internacional por carretera, paralelamente, apoya eventos que suponen un foco de atracci\u00f3n en Castell\u00f3n y a los que se asocia valores como el esfuerzo, la energ\u00eda y la proyecci\u00f3n internacional. En este sentido, la empresa asume una responsabilidad \u00e9tica y voluntaria con el deporte en Castell\u00f3n y ejemplo de ello es el apoyo a otros eventos como la Cursa Tombatossals o el Club B\u00e1squet Castell\u00f3n Benjam\u00edn.<\/p>\n\n\n\n<p>Marat\u00f3 bp Castell\u00f3, que se celebrar\u00e1 el pr\u00f3ximo domingo 25 de febrero, es un evento coorganizado por el Club d\u2019Atletisme Running Castell\u00f3 y el Patronato Municipal de Deportes del Ayuntamiento de Castell\u00f3 es ya, sin duda, un acontecimiento referente a nivel internacional.<\/p>\n\n\n\n<hr class=\"wp-block-separator has-css-opacity\"\/>\n\n\n\n<p class=\"has-text-align-right\"><a href=\"https:\/\/monfort.es\" class=\"su-button su-button-style-default\" style=\"color:#FFFFFF;background-color:#000000;border-color:#000000;border-radius:5px\" target=\"_self\"><span style=\"color:#FFFFFF;padding:6px 16px;font-size:13px;line-height:20px;border-color:#4d4d4d;border-radius:5px;text-shadow:none\"><i class=\"sui sui-arrow-left\" style=\"font-size:13px;color:#FFFFFF\"><\/i> Volver<\/span><\/a>\n","protected":false},"excerpt":{"rendered":"<p>Energ\u00eda en movimiento Monfort Transportes Monfort revalida su apoyo XIV edici\u00f3n de Marat\u00f3 bp Castell\u00f3 y la XI edici\u00f3n de la 10k FACSA Castell\u00f3, como patrocinadores de la carrera. La compa\u00f1\u00eda demuestra una a\u00f1o m\u00e1s su compromiso con el territorio y colabora con posicionar a Castell\u00f3n en el mapa deportivo. Monfort, que inici\u00f3 su relaci\u00f3n [&hellip;]<\/p>\n","protected":false},"author":7,"featured_media":0,"parent":0,"menu_order":0,"comment_status":"closed","ping_status":"closed","template":"","meta":{"footnotes":""},"class_list":["post-9261","page","type-page","status-publish","hentry"],"_links":{"self":[{"href":"https:\/\/monfort.es\/index.php?rest_route=\/wp\/v2\/pages\/9261","targetHints":{"allow":["GET"]}}],"collection":[{"href":"https:\/\/monfort.es\/index.php?rest_route=\/wp\/v2\/pages"}],"about":[{"href":"https:\/\/monfort.es\/index.php?rest_route=\/wp\/v2\/types\/page"}],"author":[{"embeddable":true,"href":"https:\/\/monfort.es\/index.php?rest_route=\/wp\/v2\/users\/7"}],"replies":[{"embeddable":true,"href":"https:\/\/monfort.es\/index.php?rest_route=%2Fwp%2Fv2%2Fcomments&post=9261"}],"version-history":[{"count":1,"href":"https:\/\/monfort.es\/index.php?rest_route=\/wp\/v2\/pages\/9261\/revisions"}],"predecessor-version":[{"id":9262,"href":"https:\/\/monfort.es\/index.php?rest_route=\/wp\/v2\/pages\/9261\/revisions\/9262"}],"wp:attachment":[{"href":"https:\/\/monfort.es\/index.php?rest_route=%2Fwp%2Fv2%2Fmedia&parent=9261"}],"curies":[{"name":"wp","href":"https:\/\/api.w.org\/{rel}","templated":true}]}}