{"id":9618,"date":"2025-12-02T11:10:32","date_gmt":"2025-12-02T10:10:32","guid":{"rendered":"https:\/\/monfort.es\/?page_id=9618"},"modified":"2026-03-27T11:53:28","modified_gmt":"2026-03-27T10:53:28","slug":"monfort-colaborador-del-xx-festival-internacional-de-jazz-de-peniscola-2","status":"publish","type":"page","link":"https:\/\/monfort.es\/?page_id=9618","title":{"rendered":"Transportes Monfort contin\u00faa con su patrocinio a Marat\u00f3 BP Castell\u00f3 y 10K FACSA Castell\u00f3. (Marat\u00f3 BP 5 ES)"},"content":{"rendered":"\n<figure class=\"wp-block-image\"><img loading=\"lazy\" decoding=\"async\" width=\"1024\" height=\"453\" src=\"https:\/\/monfort.es\/wp-content\/uploads\/2015\/05\/Monfort_FEB26_1024x453-12.jpg\" alt=\"\" class=\"wp-image-9617\" srcset=\"https:\/\/monfort.es\/wp-content\/uploads\/2015\/05\/Monfort_FEB26_1024x453-12.jpg 1024w, https:\/\/monfort.es\/wp-content\/uploads\/2015\/05\/Monfort_FEB26_1024x453-12-300x133.jpg 300w, https:\/\/monfort.es\/wp-content\/uploads\/2015\/05\/Monfort_FEB26_1024x453-12-768x340.jpg 768w, https:\/\/monfort.es\/wp-content\/uploads\/2015\/05\/Monfort_FEB26_1024x453-12-200x88.jpg 200w\" sizes=\"auto, (max-width: 1024px) 100vw, 1024px\" \/><\/figure>\n\n\n\n<p><\/p>\n\n\n\n<h2 class=\"wp-block-heading\">Un a\u00f1o m\u00e1s la empresa de transportes confirm\u00f3 su participaci\u00f3n y compromiso con los corredores y corredoras de las carreras.<\/h2>\n\n\n\n<p>El pasado 22 de febrero de 2026, la Marat\u00f3 bp Castell\u00f3 y el 10K FACSA Castell\u00f3 celebraron sus ediciones XVI y XIII, consolid\u00e1ndose como citas imprescindibles en el calendario atl\u00e9tico. Un a\u00f1o m\u00e1s, Transportes Monfort reafirm\u00f3 su apoyo a este evento que contin\u00faa escalando posiciones hasta situarse entre las pruebas m\u00e1s destacadas del atletismo internacional. La renovaci\u00f3n del acuerdo fue formalizada por Manuel Monfort Colom, administrador de Transportes Monfort, y Juanma Medina, vicepresidente del Club d\u2019Atletisme Running Castell\u00f3, reforzando as\u00ed una colaboraci\u00f3n que ya es tradici\u00f3n.<\/p>\n\n\n\n<p>Con m\u00e1s de 90 a\u00f1os de trayectoria en el transporte nacional e internacional por carretera, Transportes Monfort vuelve a demostrar su compromiso con el territorio en el que opera. Su implicaci\u00f3n en iniciativas como la Marat\u00f3 bp Castell\u00f3 es reflejo de los valores que comparte con la prueba: dedicaci\u00f3n, capacidad de superaci\u00f3n y una firme orientaci\u00f3n hacia la proyecci\u00f3n internacional. No es la primera vez que la compa\u00f1\u00eda muestra su apoyo al deporte; de hecho, su vinculaci\u00f3n con el \u00e1mbito deportivo se ha mantenido constante a lo largo de las d\u00e9cadas, convirti\u00e9ndose en un pilar fundamental dentro de su filosof\u00eda empresarial.<\/p>\n\n\n\n<p>Marat\u00f3 BP Castell\u00f3 y 10K FACSA Castell\u00f3 est\u00e1n organizadas por el Club d\u00b4Atletisme Running Castell\u00f3 en coordinaci\u00f3n con el Patronato Municipal de Deportes de Castell\u00f3.<\/p>\n\n\n\n<hr class=\"wp-block-separator\"\/>\n\n\n<p style=\"text-align: right\"><a href=\"https:\/\/monfort.es\" class=\"su-button su-button-style-default\" style=\"color:#FFFFFF;background-color:#000000;border-color:#000000;border-radius:5px\" target=\"_self\"><span style=\"color:#FFFFFF;padding:6px 16px;font-size:13px;line-height:20px;border-color:#4d4d4d;border-radius:5px;text-shadow:none\"><i class=\"sui sui-arrow-left\" style=\"font-size:13px;color:#FFFFFF\"><\/i> Back<\/span><\/a>\n","protected":false},"excerpt":{"rendered":"<p>Un a\u00f1o m\u00e1s la empresa de transportes confirm\u00f3 su participaci\u00f3n y compromiso con los corredores y corredoras de las carreras. El pasado 22 de febrero de 2026, la Marat\u00f3 bp Castell\u00f3 y el 10K FACSA Castell\u00f3 celebraron sus ediciones XVI y XIII, consolid\u00e1ndose como citas imprescindibles en el calendario atl\u00e9tico. Un a\u00f1o m\u00e1s, Transportes Monfort [&hellip;]<\/p>\n","protected":false},"author":7,"featured_media":0,"parent":0,"menu_order":0,"comment_status":"closed","ping_status":"closed","template":"","meta":{"footnotes":""},"class_list":["post-9618","page","type-page","status-publish","hentry"],"_links":{"self":[{"href":"https:\/\/monfort.es\/index.php?rest_route=\/wp\/v2\/pages\/9618","targetHints":{"allow":["GET"]}}],"collection":[{"href":"https:\/\/monfort.es\/index.php?rest_route=\/wp\/v2\/pages"}],"about":[{"href":"https:\/\/monfort.es\/index.php?rest_route=\/wp\/v2\/types\/page"}],"author":[{"embeddable":true,"href":"https:\/\/monfort.es\/index.php?rest_route=\/wp\/v2\/users\/7"}],"replies":[{"embeddable":true,"href":"https:\/\/monfort.es\/index.php?rest_route=%2Fwp%2Fv2%2Fcomments&post=9618"}],"version-history":[{"count":1,"href":"https:\/\/monfort.es\/index.php?rest_route=\/wp\/v2\/pages\/9618\/revisions"}],"predecessor-version":[{"id":9619,"href":"https:\/\/monfort.es\/index.php?rest_route=\/wp\/v2\/pages\/9618\/revisions\/9619"}],"wp:attachment":[{"href":"https:\/\/monfort.es\/index.php?rest_route=%2Fwp%2Fv2%2Fmedia&parent=9618"}],"curies":[{"name":"wp","href":"https:\/\/api.w.org\/{rel}","templated":true}]}}